{"id":9,"date":"2010-12-10T21:29:30","date_gmt":"2010-12-10T21:29:30","guid":{"rendered":"http:\/\/my.weltladen-heidelberg.de\/?page_id=9"},"modified":"2024-03-29T07:27:29","modified_gmt":"2024-03-29T07:27:29","slug":"produkte","status":"publish","type":"page","link":"https:\/\/www.weltladen-heidelberg.de\/?page_id=9","title":{"rendered":"Sortiment"},"content":{"rendered":"<p><a href=\"http:\/\/my.weltladen-heidelberg.de\/?attachment_id=59\" rel=\"attachment wp-att-59\"><img loading=\"lazy\" decoding=\"async\" class=\"size-medium wp-image-59 alignleft\" title=\"Produkte\" alt=\"\" src=\"http:\/\/my.weltladen-heidelberg.de\/wp-content\/uploads\/2010\/12\/products-300x163.jpg\" width=\"240\" height=\"130\" srcset=\"https:\/\/www.weltladen-heidelberg.de\/wp-content\/uploads\/2010\/12\/products-300x163.jpg 300w, https:\/\/www.weltladen-heidelberg.de\/wp-content\/uploads\/2010\/12\/products.jpg 550w\" sizes=\"auto, (max-width: 240px) 100vw, 240px\" \/><\/a><\/p>\n<p>Bei uns bekommen Sie leckere Lebensmittel und exotische Handwerksprodukte, die neben Ihren Sinnen auch Ihr Gewissen verw\u00f6hnen, da sie aus dem Fairen Handel stammen und jeder Kunde somit einen Beitrag zur Verbesserung der Lebensqualit\u00e4t in s\u00fcdlichen L\u00e4ndern leistet. Unsere reichhaltige Produktpalette lernen sie am besten bei einem Besuch im Laden kennen. Abgerundet wird unser Angebot durch eine Leseecke f\u00fcr Interessierte und unser Stehcaf\u00e9, das zu jeder Jahreszeit f\u00fcr eine wohlige Atmosph\u00e4re sorgt.<\/p>\n<p>Als besondere Geschenkidee bieten wir zudem Gutscheine zum Verkauf an. Denken Sie daran: allein schon der Besuch und das St\u00f6bern im Weltladen ist immer auch ein Erlebnis.<\/p>\n<p><strong>Produkte <\/strong><br \/>\nIn unserer gro\u00dfen Auswahl finden Sie unter anderem Folgendes:<\/p>\n<ul>\n<li>Lebensmittel<\/li>\n<li>S\u00fcssigkeiten<\/li>\n<li>frische Bananen<\/li>\n<li>Kaffee<\/li>\n<li>Tee<\/li>\n<li>Kunsthandwerk<\/li>\n<li>Schmuck<\/li>\n<li>Textilien<\/li>\n<li>Musikinstrumente<\/li>\n<li>Umweltschutzpapier<\/li>\n<li>B\u00fccher<\/li>\n<li>Informationen zu Projekten und L\u00e4ndern<\/li>\n<\/ul>\n<p><a href=\"..\/wp-content\/uploads\/2011\/04\/m%C3%A4rz-285.jpg\"><img loading=\"lazy\" decoding=\"async\" class=\"size-thumbnail wp-image-213   alignleft\" title=\"m\u00e4rz 285\" alt=\"\" src=\"..\/wp-content\/uploads\/2011\/04\/m%C3%A4rz-285-150x150.jpg\" width=\"150\" height=\"150\"><\/a><a href=\"..\/wp-content\/uploads\/2011\/04\/m%C3%A4rz-277.jpg\"><img loading=\"lazy\" decoding=\"async\" class=\"size-thumbnail wp-image-210 alignleft\" title=\"m\u00e4rz 277\" alt=\"\" src=\"..\/wp-content\/uploads\/2011\/04\/m%C3%A4rz-277-150x150.jpg\" width=\"150\" height=\"150\"><\/a><a href=\"http:\/\/my.weltladen-heidelberg.de\/wp-content\/uploads\/2011\/04\/m\u00e4rz-242.jpg\"><img loading=\"lazy\" decoding=\"async\" class=\"alignnone size-thumbnail wp-image-189\" title=\"m\u00e4rz 242\" alt=\"\" src=\"http:\/\/my.weltladen-heidelberg.de\/wp-content\/uploads\/2011\/04\/m\u00e4rz-242-150x150.jpg\" width=\"150\" height=\"150\"><\/a><\/p>\n","protected":false},"excerpt":{"rendered":"<p>Bei uns bekommen Sie leckere Lebensmittel und exotische Handwerksprodukte, die neben Ihren Sinnen auch Ihr Gewissen verw\u00f6hnen, da sie aus dem Fairen Handel stammen und jeder Kunde somit einen Beitrag zur Verbesserung der Lebensqualit\u00e4t in s\u00fcdlichen L\u00e4ndern leistet. Unsere reichhaltige &hellip;<\/p>\n<p class=\"read-more\"> <a class=\"more-link\" href=\"https:\/\/www.weltladen-heidelberg.de\/?page_id=9\"> <span class=\"screen-reader-text\">Sortiment<\/span> Read More &raquo;<\/a><\/p>\n","protected":false},"author":1,"featured_media":0,"parent":0,"menu_order":10,"comment_status":"closed","ping_status":"closed","template":"","meta":{"footnotes":""},"class_list":["post-9","page","type-page","status-publish","hentry"],"_links":{"self":[{"href":"https:\/\/www.weltladen-heidelberg.de\/index.php?rest_route=\/wp\/v2\/pages\/9","targetHints":{"allow":["GET"]}}],"collection":[{"href":"https:\/\/www.weltladen-heidelberg.de\/index.php?rest_route=\/wp\/v2\/pages"}],"about":[{"href":"https:\/\/www.weltladen-heidelberg.de\/index.php?rest_route=\/wp\/v2\/types\/page"}],"author":[{"embeddable":true,"href":"https:\/\/www.weltladen-heidelberg.de\/index.php?rest_route=\/wp\/v2\/users\/1"}],"replies":[{"embeddable":true,"href":"https:\/\/www.weltladen-heidelberg.de\/index.php?rest_route=%2Fwp%2Fv2%2Fcomments&post=9"}],"version-history":[{"count":18,"href":"https:\/\/www.weltladen-heidelberg.de\/index.php?rest_route=\/wp\/v2\/pages\/9\/revisions"}],"predecessor-version":[{"id":2792,"href":"https:\/\/www.weltladen-heidelberg.de\/index.php?rest_route=\/wp\/v2\/pages\/9\/revisions\/2792"}],"wp:attachment":[{"href":"https:\/\/www.weltladen-heidelberg.de\/index.php?rest_route=%2Fwp%2Fv2%2Fmedia&parent=9"}],"curies":[{"name":"wp","href":"https:\/\/api.w.org\/{rel}","templated":true}]}}