{"id":44,"date":"2010-12-10T22:05:42","date_gmt":"2010-12-10T22:05:42","guid":{"rendered":"http:\/\/my.weltladen-heidelberg.de\/?page_id=44"},"modified":"2024-03-29T09:02:40","modified_gmt":"2024-03-29T09:02:40","slug":"mitarbeiter","status":"publish","type":"page","link":"https:\/\/www.weltladen-heidelberg.de\/?page_id=44","title":{"rendered":"Mitarbeit"},"content":{"rendered":"\n<figure class=\"wp-block-image size-large is-resized\"><img loading=\"lazy\" decoding=\"async\" src=\"http:\/\/my.weltladen-heidelberg.de\/wp-content\/uploads\/2024\/03\/Mitarbeit-Weltladen-Heidelberg-1024x792.jpg\" alt=\"\" class=\"wp-image-2807\" width=\"501\" height=\"387\" srcset=\"https:\/\/www.weltladen-heidelberg.de\/wp-content\/uploads\/2024\/03\/Mitarbeit-Weltladen-Heidelberg-1024x792.jpg 1024w, https:\/\/www.weltladen-heidelberg.de\/wp-content\/uploads\/2024\/03\/Mitarbeit-Weltladen-Heidelberg-300x232.jpg 300w, https:\/\/www.weltladen-heidelberg.de\/wp-content\/uploads\/2024\/03\/Mitarbeit-Weltladen-Heidelberg-768x594.jpg 768w, https:\/\/www.weltladen-heidelberg.de\/wp-content\/uploads\/2024\/03\/Mitarbeit-Weltladen-Heidelberg-100x77.jpg 100w, https:\/\/www.weltladen-heidelberg.de\/wp-content\/uploads\/2024\/03\/Mitarbeit-Weltladen-Heidelberg-150x116.jpg 150w, https:\/\/www.weltladen-heidelberg.de\/wp-content\/uploads\/2024\/03\/Mitarbeit-Weltladen-Heidelberg-200x155.jpg 200w, https:\/\/www.weltladen-heidelberg.de\/wp-content\/uploads\/2024\/03\/Mitarbeit-Weltladen-Heidelberg-450x348.jpg 450w, https:\/\/www.weltladen-heidelberg.de\/wp-content\/uploads\/2024\/03\/Mitarbeit-Weltladen-Heidelberg-600x464.jpg 600w, https:\/\/www.weltladen-heidelberg.de\/wp-content\/uploads\/2024\/03\/Mitarbeit-Weltladen-Heidelberg-900x696.jpg 900w, https:\/\/www.weltladen-heidelberg.de\/wp-content\/uploads\/2024\/03\/Mitarbeit-Weltladen-Heidelberg.jpg 1126w\" sizes=\"auto, (max-width: 501px) 100vw, 501px\" \/><\/figure>\n\n\n\n<p><\/p>\n\n\n\n<p class=\"has-large-font-size\"><strong>M\u00f6chtest Du bei uns Mitmachen?<\/strong><\/p>\n\n\n\n<p><\/p>\n\n\n\n<p style=\"font-size:18px\">Es gibt verschiedene Bereiche, in welchen du Dich bei uns engagieren kannst. <\/p>\n\n\n\n<p style=\"font-size:18px\">Zum einen gibt es den <strong>Ladendienst<\/strong>, dem Kernst\u00fcck der Mitarbeit. Als Teil unseres Laden-Teams verkaufst du nicht nur fairgehandelte Produkte, sondern ber\u00e4ts Kund\/innen bei Fragen, bereitest Kaffee-Spezialit\u00e4ten zu und hilfst beim Auspreisen und Einr\u00e4umen neuer Ware. Da unser Weltladen ein Ort der Entschleunigung ist, k\u00f6nnen wir dir versprechen, dass viele nette Kund\/innen vorbei kommen und sich immer interessante Begegnungen und nette Gespr\u00e4che ergeben.<\/p>\n\n\n\n<p style=\"font-size:18px\">Wir freuen uns \u00fcber Menschen, die gerne feste Schichten \u00fcbernehmen m\u00f6chten, aber nat\u00fcrlich auch \u00fcber alle, die es etwas flexibler brauchen. Entscheide selbst, wann du Schichten \u00fcbernehmen kannst; ob eine oder mehrere Schichten in der Woche &#8211; <strong>wir freuen uns \u00fcber deine Unterst\u00fctzung!<\/strong> Eine Schicht dauert <strong>3 Stunden<\/strong> &#8211; wenn du also etwas Zeit pro Woche hast, melde dich gerne bei uns!<\/p>\n\n\n\n<p style=\"font-size:18px\">Es gibt neben dem Ladendienst auch noch verschiedene <strong>andere T\u00e4tigkeiten und M\u00f6glichkeiten<\/strong>, sich selbst einzubringen. Themenbereiche sind bspw. Einkauf, B\u00fccher oder Marketing &amp; \u00d6ffentlichkeitsarbeit. Aber auch in der <strong>Bildungsarbeit<\/strong> gibt es viele Aktivit\u00e4ten, bei welchen wir immer Unters\u00fctzung suchen. Mehr erf\u00e4hrst du <a href=\"http:\/\/my.weltladen-heidelberg.de\/?page_id=18\">hier<\/a>.<\/p>\n\n\n\n<p style=\"font-size:18px\">Du hast Lust bekommen dich zu engagieren? <strong>Wir freuen uns immer \u00fcber neue ehrenamtliche Unterst\u00fctzer\/innen!<\/strong> Sprich uns daher doch einfach pers\u00f6nlich im Laden an. Oder kontaktiere Melanie, unsere Ansprechpartnerin f\u00fcr Interessierte einfach per E-Mail unter <a href=\"mailto:ehrenamt@weltladen-heidelberg.de\">ehrenamt@weltladen-heidelberg.de<\/a>. Sie steht dir gerne f\u00fcr alle Fragen und weitere Infos zur Verf\u00fcgung!<\/p>\n","protected":false},"excerpt":{"rendered":"<p>M\u00f6chtest Du bei uns Mitmachen? Es gibt verschiedene Bereiche, in welchen du Dich bei uns engagieren kannst. Zum einen gibt es den Ladendienst, dem Kernst\u00fcck der Mitarbeit. Als Teil unseres Laden-Teams verkaufst du nicht nur fairgehandelte Produkte, sondern ber\u00e4ts Kund\/innen &hellip;<\/p>\n<p class=\"read-more\"> <a class=\"more-link\" href=\"https:\/\/www.weltladen-heidelberg.de\/?page_id=44\"> <span class=\"screen-reader-text\">Mitarbeit<\/span> Read More &raquo;<\/a><\/p>\n","protected":false},"author":1,"featured_media":0,"parent":0,"menu_order":25,"comment_status":"closed","ping_status":"closed","template":"","meta":{"footnotes":""},"class_list":["post-44","page","type-page","status-publish","hentry"],"_links":{"self":[{"href":"https:\/\/www.weltladen-heidelberg.de\/index.php?rest_route=\/wp\/v2\/pages\/44","targetHints":{"allow":["GET"]}}],"collection":[{"href":"https:\/\/www.weltladen-heidelberg.de\/index.php?rest_route=\/wp\/v2\/pages"}],"about":[{"href":"https:\/\/www.weltladen-heidelberg.de\/index.php?rest_route=\/wp\/v2\/types\/page"}],"author":[{"embeddable":true,"href":"https:\/\/www.weltladen-heidelberg.de\/index.php?rest_route=\/wp\/v2\/users\/1"}],"replies":[{"embeddable":true,"href":"https:\/\/www.weltladen-heidelberg.de\/index.php?rest_route=%2Fwp%2Fv2%2Fcomments&post=44"}],"version-history":[{"count":19,"href":"https:\/\/www.weltladen-heidelberg.de\/index.php?rest_route=\/wp\/v2\/pages\/44\/revisions"}],"predecessor-version":[{"id":2810,"href":"https:\/\/www.weltladen-heidelberg.de\/index.php?rest_route=\/wp\/v2\/pages\/44\/revisions\/2810"}],"wp:attachment":[{"href":"https:\/\/www.weltladen-heidelberg.de\/index.php?rest_route=%2Fwp%2Fv2%2Fmedia&parent=44"}],"curies":[{"name":"wp","href":"https:\/\/api.w.org\/{rel}","templated":true}]}}