{"id":36,"date":"2010-12-10T22:02:40","date_gmt":"2010-12-10T22:02:40","guid":{"rendered":"http:\/\/my.weltladen-heidelberg.de\/?page_id=36"},"modified":"2021-12-02T10:43:39","modified_gmt":"2021-12-02T10:43:39","slug":"aktion","status":"publish","type":"page","link":"https:\/\/www.weltladen-heidelberg.de\/?page_id=36","title":{"rendered":"Aktiv werden"},"content":{"rendered":"<p><strong>Mitarbeit im Weltladen<\/strong><br \/>\nLust bekommen im Weltladen mitzuarbeiten? Wir freuen uns immer \u00fcber interessierte Menschen. Mitarbeiten kann man beim Verkauf fair gehandelter Produkte, im Bereich der Presse- und \u00d6ffentlichkeitsarbeit oder z.B. in der P\u00e4dagogik- oder B\u00fccher- Gruppe. Nat\u00fcrlich kann man sich auch bei der Vorbereitung f\u00fcr die n\u00e4chste Aktion oder den n\u00e4chsten Infostand engagieren. Einfach mal reinschnuppern, f\u00fcr alle ist was dabei.<\/p>\n<p><strong>FairTrade &#8211; Verkauf<\/strong><br \/>\nWie w\u00e4re es mit einem FairTrade Verkaufsstand auf dem n\u00e4chsten Schulfest oder fairer Schokolade am Schulkiosk? Der Weltladen bietet hierzu Schulklassen, Schul-AGs und Jugendgruppen an, s\u00e4mtliche Waren des Ladens als Kommissionsware abzunehmen. was nicht verkauft wurde, kann anschlie\u00dfend problemlos wieder zur\u00fcck gegeben werden. Und das Beste: Die Gruppe erh\u00e4lt auf die Waren einen Rabatt. Was mit dem Verkaufserl\u00f6s geschehen soll, kann die Gruppe selbst entscheiden.<\/p>\n<p><strong>Praktika<\/strong><br \/>\nEs besteht die M\u00f6glichkeit Schulpraktika im Weltladen Heidelberg zu absolvieren. Der Verkauf und\/oder die p\u00e4dagogische Arbeit k\u00f6nnen dabei Schwerpunkt sein. Des weiteren ist es auch f\u00fcr StudentInnen m\u00f6glich Praktika im Bereich entwicklungspolitischer Bildungsarbeit zu machen. F\u00fcr n\u00e4here Informationen stehen wir Ihnen gerne zur Verf\u00fcgung. Rufen Sie uns an ( 06221\/22771 ).<\/p>\n","protected":false},"excerpt":{"rendered":"<p>Mitarbeit im Weltladen Lust bekommen im Weltladen mitzuarbeiten? Wir freuen uns immer \u00fcber interessierte Menschen. Mitarbeiten kann man beim Verkauf fair gehandelter Produkte, im Bereich der Presse- und \u00d6ffentlichkeitsarbeit oder z.B. in der P\u00e4dagogik- oder B\u00fccher- Gruppe. Nat\u00fcrlich kann man &hellip;<\/p>\n<p class=\"read-more\"> <a class=\"more-link\" href=\"https:\/\/www.weltladen-heidelberg.de\/?page_id=36\"> <span class=\"screen-reader-text\">Aktiv werden<\/span> Read More &raquo;<\/a><\/p>\n","protected":false},"author":1,"featured_media":0,"parent":18,"menu_order":9,"comment_status":"closed","ping_status":"closed","template":"full-width-page.php","meta":{"footnotes":""},"class_list":["post-36","page","type-page","status-publish","hentry"],"_links":{"self":[{"href":"https:\/\/www.weltladen-heidelberg.de\/index.php?rest_route=\/wp\/v2\/pages\/36","targetHints":{"allow":["GET"]}}],"collection":[{"href":"https:\/\/www.weltladen-heidelberg.de\/index.php?rest_route=\/wp\/v2\/pages"}],"about":[{"href":"https:\/\/www.weltladen-heidelberg.de\/index.php?rest_route=\/wp\/v2\/types\/page"}],"author":[{"embeddable":true,"href":"https:\/\/www.weltladen-heidelberg.de\/index.php?rest_route=\/wp\/v2\/users\/1"}],"replies":[{"embeddable":true,"href":"https:\/\/www.weltladen-heidelberg.de\/index.php?rest_route=%2Fwp%2Fv2%2Fcomments&post=36"}],"version-history":[{"count":5,"href":"https:\/\/www.weltladen-heidelberg.de\/index.php?rest_route=\/wp\/v2\/pages\/36\/revisions"}],"predecessor-version":[{"id":2319,"href":"https:\/\/www.weltladen-heidelberg.de\/index.php?rest_route=\/wp\/v2\/pages\/36\/revisions\/2319"}],"up":[{"embeddable":true,"href":"https:\/\/www.weltladen-heidelberg.de\/index.php?rest_route=\/wp\/v2\/pages\/18"}],"wp:attachment":[{"href":"https:\/\/www.weltladen-heidelberg.de\/index.php?rest_route=%2Fwp%2Fv2%2Fmedia&parent=36"}],"curies":[{"name":"wp","href":"https:\/\/api.w.org\/{rel}","templated":true}]}}