{"id":2900,"date":"2025-03-17T21:03:55","date_gmt":"2025-03-17T21:03:55","guid":{"rendered":"http:\/\/my.weltladen-heidelberg.de\/?page_id=2900"},"modified":"2025-03-17T21:07:11","modified_gmt":"2025-03-17T21:07:11","slug":"unterstuetzen","status":"publish","type":"page","link":"https:\/\/www.weltladen-heidelberg.de\/?page_id=2900","title":{"rendered":"Unterst\u00fctzen"},"content":{"rendered":"\n<p>Wir freuen uns \u00fcber Spenden zur Unterst\u00fctzung unserer Bildungsarbeit. Bitte nutzen Sie daf\u00fcr die unten angegebene Kontoverbindung und nennen Sie im Verwendungszweck das Stichwort \u201eSpende\u201c. Wenn Sie eine Spendenbescheinigung w\u00fcnschen, geben Sie dort bitte au\u00dferdem Ihre Anschrift an, damit wir Ihnen eine Spendenbescheinigung zusenden k\u00f6nnen.<\/p>\n\n\n\n<hr class=\"wp-block-separator has-text-color has-button-color-color has-alpha-channel-opacity has-button-color-background-color has-background is-style-wide\"\/>\n\n\n\n<p class=\"has-normal-font-size\"><strong>Bankverbindung<\/strong><br>IBAN: DE97 6725 0020 0001 3113 52<br>BIC: SOLADES1HDB<\/p>\n\n\n\n<hr class=\"wp-block-separator has-text-color has-button-color-color has-alpha-channel-opacity has-button-color-background-color has-background is-style-wide\"\/>\n\n\n\n<p>Die Heidelberger Arbeitsgemeinschaft Eine Welt e.V. ist vom Finanzamt als gemeinn\u00fctzig anerkannt. Ihre Spende an uns ist steuerlich absetzbar.<\/p>\n","protected":false},"excerpt":{"rendered":"<p>Wir freuen uns \u00fcber Spenden zur Unterst\u00fctzung unserer Bildungsarbeit. Bitte nutzen Sie daf\u00fcr die unten angegebene Kontoverbindung und nennen Sie im Verwendungszweck das Stichwort \u201eSpende\u201c. Wenn Sie eine Spendenbescheinigung w\u00fcnschen, geben Sie dort bitte au\u00dferdem Ihre Anschrift an, damit wir &hellip;<\/p>\n<p class=\"read-more\"> <a class=\"more-link\" href=\"https:\/\/www.weltladen-heidelberg.de\/?page_id=2900\"> <span class=\"screen-reader-text\">Unterst\u00fctzen<\/span> Read More &raquo;<\/a><\/p>\n","protected":false},"author":1,"featured_media":0,"parent":0,"menu_order":0,"comment_status":"closed","ping_status":"closed","template":"","meta":{"footnotes":""},"class_list":["post-2900","page","type-page","status-publish","hentry"],"_links":{"self":[{"href":"https:\/\/www.weltladen-heidelberg.de\/index.php?rest_route=\/wp\/v2\/pages\/2900","targetHints":{"allow":["GET"]}}],"collection":[{"href":"https:\/\/www.weltladen-heidelberg.de\/index.php?rest_route=\/wp\/v2\/pages"}],"about":[{"href":"https:\/\/www.weltladen-heidelberg.de\/index.php?rest_route=\/wp\/v2\/types\/page"}],"author":[{"embeddable":true,"href":"https:\/\/www.weltladen-heidelberg.de\/index.php?rest_route=\/wp\/v2\/users\/1"}],"replies":[{"embeddable":true,"href":"https:\/\/www.weltladen-heidelberg.de\/index.php?rest_route=%2Fwp%2Fv2%2Fcomments&post=2900"}],"version-history":[{"count":14,"href":"https:\/\/www.weltladen-heidelberg.de\/index.php?rest_route=\/wp\/v2\/pages\/2900\/revisions"}],"predecessor-version":[{"id":2916,"href":"https:\/\/www.weltladen-heidelberg.de\/index.php?rest_route=\/wp\/v2\/pages\/2900\/revisions\/2916"}],"wp:attachment":[{"href":"https:\/\/www.weltladen-heidelberg.de\/index.php?rest_route=%2Fwp%2Fv2%2Fmedia&parent=2900"}],"curies":[{"name":"wp","href":"https:\/\/api.w.org\/{rel}","templated":true}]}}