{"id":2872,"date":"2024-04-15T15:55:05","date_gmt":"2024-04-15T15:55:05","guid":{"rendered":"http:\/\/my.weltladen-heidelberg.de\/?page_id=2872"},"modified":"2025-05-27T13:42:21","modified_gmt":"2025-05-27T13:42:21","slug":"ausstellungen-ausleihen","status":"publish","type":"page","link":"https:\/\/www.weltladen-heidelberg.de\/?page_id=2872","title":{"rendered":"Ausstellungen ausleihen"},"content":{"rendered":"\n<p>Der Weltladen Heidelberg bietet drei Ausstellungen zum Verleih an.<\/p>\n\n\n\n<h2 class=\"wp-block-heading\">Was ziehst du heute an?<\/h2>\n\n\n\n<p>Unsere aktuellste Ausstellung informiert \u00fcber die Auswirkungen von Fast Fashion auf Mensch und Umwelt. Slow Fashion-Alternativen sowie Anregungen wie jede*r selber aktiv werden kann werden kurz und ansprechend pr\u00e4sentiert. Wir versenden die Ausstellung gerne gegen eine Verleihgeb\u00fchr und die \u00dcbernahme der Versandkosten. <\/p>\n\n\n\n<div class=\"wp-block-columns is-layout-flex wp-container-core-columns-is-layout-9d6595d7 wp-block-columns-is-layout-flex\">\n<div class=\"wp-block-column is-layout-flow wp-block-column-is-layout-flow\" style=\"flex-basis:100%\">\n<figure class=\"wp-block-image size-large\"><img loading=\"lazy\" decoding=\"async\" width=\"1024\" height=\"1024\" src=\"http:\/\/my.weltladen-heidelberg.de\/wp-content\/uploads\/2025\/05\/Foto-der-Ausstellung-edited-1024x1024.jpg\" alt=\"\" class=\"wp-image-2931\" srcset=\"https:\/\/www.weltladen-heidelberg.de\/wp-content\/uploads\/2025\/05\/Foto-der-Ausstellung-edited-1024x1024.jpg 1024w, https:\/\/www.weltladen-heidelberg.de\/wp-content\/uploads\/2025\/05\/Foto-der-Ausstellung-edited-300x300.jpg 300w, https:\/\/www.weltladen-heidelberg.de\/wp-content\/uploads\/2025\/05\/Foto-der-Ausstellung-edited-150x150.jpg 150w, https:\/\/www.weltladen-heidelberg.de\/wp-content\/uploads\/2025\/05\/Foto-der-Ausstellung-edited-768x768.jpg 768w, https:\/\/www.weltladen-heidelberg.de\/wp-content\/uploads\/2025\/05\/Foto-der-Ausstellung-edited-1536x1536.jpg 1536w, https:\/\/www.weltladen-heidelberg.de\/wp-content\/uploads\/2025\/05\/Foto-der-Ausstellung-edited-2048x2048.jpg 2048w, https:\/\/www.weltladen-heidelberg.de\/wp-content\/uploads\/2025\/05\/Foto-der-Ausstellung-edited-100x100.jpg 100w, https:\/\/www.weltladen-heidelberg.de\/wp-content\/uploads\/2025\/05\/Foto-der-Ausstellung-edited-200x200.jpg 200w, https:\/\/www.weltladen-heidelberg.de\/wp-content\/uploads\/2025\/05\/Foto-der-Ausstellung-edited-450x450.jpg 450w, https:\/\/www.weltladen-heidelberg.de\/wp-content\/uploads\/2025\/05\/Foto-der-Ausstellung-edited-600x600.jpg 600w, https:\/\/www.weltladen-heidelberg.de\/wp-content\/uploads\/2025\/05\/Foto-der-Ausstellung-edited-900x900.jpg 900w\" sizes=\"auto, (max-width: 1024px) 100vw, 1024px\" \/><\/figure>\n\n\n\n<figure class=\"wp-block-image size-large\"><img loading=\"lazy\" decoding=\"async\" width=\"1024\" height=\"722\" src=\"http:\/\/my.weltladen-heidelberg.de\/wp-content\/uploads\/2025\/05\/Austellung_Textil_Flyer_page-0001-1-1024x722.jpg\" alt=\"\" class=\"wp-image-2942\" srcset=\"https:\/\/www.weltladen-heidelberg.de\/wp-content\/uploads\/2025\/05\/Austellung_Textil_Flyer_page-0001-1-1024x722.jpg 1024w, https:\/\/www.weltladen-heidelberg.de\/wp-content\/uploads\/2025\/05\/Austellung_Textil_Flyer_page-0001-1-300x212.jpg 300w, https:\/\/www.weltladen-heidelberg.de\/wp-content\/uploads\/2025\/05\/Austellung_Textil_Flyer_page-0001-1-768x541.jpg 768w, https:\/\/www.weltladen-heidelberg.de\/wp-content\/uploads\/2025\/05\/Austellung_Textil_Flyer_page-0001-1-100x71.jpg 100w, https:\/\/www.weltladen-heidelberg.de\/wp-content\/uploads\/2025\/05\/Austellung_Textil_Flyer_page-0001-1-150x106.jpg 150w, https:\/\/www.weltladen-heidelberg.de\/wp-content\/uploads\/2025\/05\/Austellung_Textil_Flyer_page-0001-1-200x141.jpg 200w, https:\/\/www.weltladen-heidelberg.de\/wp-content\/uploads\/2025\/05\/Austellung_Textil_Flyer_page-0001-1-450x317.jpg 450w, https:\/\/www.weltladen-heidelberg.de\/wp-content\/uploads\/2025\/05\/Austellung_Textil_Flyer_page-0001-1-600x423.jpg 600w, https:\/\/www.weltladen-heidelberg.de\/wp-content\/uploads\/2025\/05\/Austellung_Textil_Flyer_page-0001-1-900x635.jpg 900w, https:\/\/www.weltladen-heidelberg.de\/wp-content\/uploads\/2025\/05\/Austellung_Textil_Flyer_page-0001-1.jpg 1241w\" sizes=\"auto, (max-width: 1024px) 100vw, 1024px\" \/><\/figure>\n<\/div>\n<\/div>\n\n\n\n<h2 class=\"wp-block-heading\">Material zum Verleih:<\/h2>\n\n\n\n<ul class=\"wp-block-list\"><li>Outdoor-Roll-up, doppelseitig bedruckt, als Blickfang<\/li><li>Kurze Anleitung f\u00fcr den\/ die aktive\/n Besucher*in  &gt;&gt; Die Besucher*innen werden v.a. aktiv, wenn die Ausstellung betreut wird.<\/li><li>Mensch &#8222;Anziehpuppe&#8220;<\/li><li>Kleidung (2 Pullis, 2 Hosen, 2 M\u00fctzen) + Kleiderb\u00fcgel<\/li><li>Spiegel mit Reflexionsfragen<\/li><li>Shoppingbag mit Siegeln<\/li><li>Tablet mit aktueller Petition<\/li><\/ul>\n\n\n\n<p>S\u00e4mtliche Materialien sind auf \u00d6ko-Airtex Banner gedruckt.<\/p>\n\n\n\n<p>Bei Selbstabholung (nicht bei Versand): Kleiderst\u00e4nder<\/p>\n\n\n\n<h2 class=\"wp-block-heading\">Zartbitterer Genuss \u2013 Ausstellungsparcours zu unfairen Bedingungen in der Schokoproduktion<\/h2>\n\n\n\n<p>Der Weltladen Heidelberg-Altstadt bietet zusammen mit dem Globalen Klassenzimmer die konzipierte Ausstellung \u201eZartbitterer Genuss\u201c an.<\/p>\n\n\n\n<figure class=\"wp-block-image size-large\"><img loading=\"lazy\" decoding=\"async\" width=\"1024\" height=\"509\" src=\"http:\/\/my.weltladen-heidelberg.de\/wp-content\/uploads\/2018\/06\/Foto-Kakaoausstellung-1024x509.jpg\" alt=\"\" class=\"wp-image-2025\" srcset=\"https:\/\/www.weltladen-heidelberg.de\/wp-content\/uploads\/2018\/06\/Foto-Kakaoausstellung-1024x509.jpg 1024w, https:\/\/www.weltladen-heidelberg.de\/wp-content\/uploads\/2018\/06\/Foto-Kakaoausstellung-300x149.jpg 300w, https:\/\/www.weltladen-heidelberg.de\/wp-content\/uploads\/2018\/06\/Foto-Kakaoausstellung-768x382.jpg 768w, https:\/\/www.weltladen-heidelberg.de\/wp-content\/uploads\/2018\/06\/Foto-Kakaoausstellung-100x50.jpg 100w, https:\/\/www.weltladen-heidelberg.de\/wp-content\/uploads\/2018\/06\/Foto-Kakaoausstellung-150x75.jpg 150w, https:\/\/www.weltladen-heidelberg.de\/wp-content\/uploads\/2018\/06\/Foto-Kakaoausstellung-200x99.jpg 200w, https:\/\/www.weltladen-heidelberg.de\/wp-content\/uploads\/2018\/06\/Foto-Kakaoausstellung-450x224.jpg 450w, https:\/\/www.weltladen-heidelberg.de\/wp-content\/uploads\/2018\/06\/Foto-Kakaoausstellung-600x298.jpg 600w, https:\/\/www.weltladen-heidelberg.de\/wp-content\/uploads\/2018\/06\/Foto-Kakaoausstellung-900x448.jpg 900w\" sizes=\"auto, (max-width: 1024px) 100vw, 1024px\" \/><\/figure>\n\n\n\n<p>Weitere Informationen zur Ausstellung Zartbitterer Genuss finden Sie <a href=\"http:\/\/my.weltladen-heidelberg.de\/?page_id=2024\">hier<\/a><a href=\"http:\/\/my.weltladen-heidelberg.de\/?page_id=1958\">.<\/a><\/p>\n\n\n\n<p><\/p>\n\n\n\n<h2 class=\"wp-block-heading\">Ausstellung \u201eNachhaltige Ern\u00e4hrung. Fair, Bio, Regional.\u201c<\/h2>\n\n\n\n<p>Was bedeuten FAIR, BIO und REGIONAL im Hinblick auf unsere Lebensmittel. Mit diesen Themen besch\u00e4ftigt sich unsere Ausstellung, die aus f\u00fcnf Roll-Ups besteht.<\/p>\n\n\n\n<figure class=\"wp-block-image size-large\"><img loading=\"lazy\" decoding=\"async\" width=\"1024\" height=\"520\" src=\"http:\/\/my.weltladen-heidelberg.de\/wp-content\/uploads\/2020\/07\/Gesamte-Ausstellung-ohne-Einkaufswagen-1024x520.jpg\" alt=\"\" class=\"wp-image-2142\" srcset=\"https:\/\/www.weltladen-heidelberg.de\/wp-content\/uploads\/2020\/07\/Gesamte-Ausstellung-ohne-Einkaufswagen-1024x520.jpg 1024w, https:\/\/www.weltladen-heidelberg.de\/wp-content\/uploads\/2020\/07\/Gesamte-Ausstellung-ohne-Einkaufswagen-300x152.jpg 300w, https:\/\/www.weltladen-heidelberg.de\/wp-content\/uploads\/2020\/07\/Gesamte-Ausstellung-ohne-Einkaufswagen-768x390.jpg 768w, https:\/\/www.weltladen-heidelberg.de\/wp-content\/uploads\/2020\/07\/Gesamte-Ausstellung-ohne-Einkaufswagen-100x51.jpg 100w, https:\/\/www.weltladen-heidelberg.de\/wp-content\/uploads\/2020\/07\/Gesamte-Ausstellung-ohne-Einkaufswagen-150x76.jpg 150w, https:\/\/www.weltladen-heidelberg.de\/wp-content\/uploads\/2020\/07\/Gesamte-Ausstellung-ohne-Einkaufswagen-200x101.jpg 200w, https:\/\/www.weltladen-heidelberg.de\/wp-content\/uploads\/2020\/07\/Gesamte-Ausstellung-ohne-Einkaufswagen-450x228.jpg 450w, https:\/\/www.weltladen-heidelberg.de\/wp-content\/uploads\/2020\/07\/Gesamte-Ausstellung-ohne-Einkaufswagen-600x304.jpg 600w, https:\/\/www.weltladen-heidelberg.de\/wp-content\/uploads\/2020\/07\/Gesamte-Ausstellung-ohne-Einkaufswagen-900x457.jpg 900w\" sizes=\"auto, (max-width: 1024px) 100vw, 1024px\" \/><\/figure>\n\n\n\n<p>Weitere Infos zur Ausstellung \u201eNachhaltige Ern\u00e4hrung. Fair, Bio, Regional.\u201c finden Sie <a href=\"http:\/\/my.weltladen-heidelberg.de\/?page_id=1958\">hier<\/a>.<\/p>\n","protected":false},"excerpt":{"rendered":"<p>Der Weltladen Heidelberg bietet drei Ausstellungen zum Verleih an. Was ziehst du heute an? Unsere aktuellste Ausstellung informiert \u00fcber die Auswirkungen von Fast Fashion auf Mensch und Umwelt. Slow Fashion-Alternativen sowie Anregungen wie jede*r selber aktiv werden kann werden kurz &hellip;<\/p>\n<p class=\"read-more\"> <a class=\"more-link\" href=\"https:\/\/www.weltladen-heidelberg.de\/?page_id=2872\"> <span class=\"screen-reader-text\">Ausstellungen ausleihen<\/span> Read More &raquo;<\/a><\/p>\n","protected":false},"author":1,"featured_media":0,"parent":0,"menu_order":0,"comment_status":"closed","ping_status":"closed","template":"","meta":{"footnotes":""},"class_list":["post-2872","page","type-page","status-publish","hentry"],"_links":{"self":[{"href":"https:\/\/www.weltladen-heidelberg.de\/index.php?rest_route=\/wp\/v2\/pages\/2872","targetHints":{"allow":["GET"]}}],"collection":[{"href":"https:\/\/www.weltladen-heidelberg.de\/index.php?rest_route=\/wp\/v2\/pages"}],"about":[{"href":"https:\/\/www.weltladen-heidelberg.de\/index.php?rest_route=\/wp\/v2\/types\/page"}],"author":[{"embeddable":true,"href":"https:\/\/www.weltladen-heidelberg.de\/index.php?rest_route=\/wp\/v2\/users\/1"}],"replies":[{"embeddable":true,"href":"https:\/\/www.weltladen-heidelberg.de\/index.php?rest_route=%2Fwp%2Fv2%2Fcomments&post=2872"}],"version-history":[{"count":5,"href":"https:\/\/www.weltladen-heidelberg.de\/index.php?rest_route=\/wp\/v2\/pages\/2872\/revisions"}],"predecessor-version":[{"id":2944,"href":"https:\/\/www.weltladen-heidelberg.de\/index.php?rest_route=\/wp\/v2\/pages\/2872\/revisions\/2944"}],"wp:attachment":[{"href":"https:\/\/www.weltladen-heidelberg.de\/index.php?rest_route=%2Fwp%2Fv2%2Fmedia&parent=2872"}],"curies":[{"name":"wp","href":"https:\/\/api.w.org\/{rel}","templated":true}]}}