{"id":2798,"date":"2024-03-29T07:49:49","date_gmt":"2024-03-29T07:49:49","guid":{"rendered":"http:\/\/my.weltladen-heidelberg.de\/?page_id=2798"},"modified":"2024-03-29T09:05:00","modified_gmt":"2024-03-29T09:05:00","slug":"kontakt-zu-uns","status":"publish","type":"page","link":"https:\/\/www.weltladen-heidelberg.de\/?page_id=2798","title":{"rendered":"Kontakt"},"content":{"rendered":"\n<p>Weltladen Heidelberg<br><br><a href=\"https:\/\/www.openstreetmap.org\/node\/1309601588#map=15\/49.4112\/8.7095\">Heugasse 2\u21d7,<\/a><br>69117 Heidelberg<\/p>\n\n\n\n<p>\u00d6ffnungszeiten:<br>Montag &#8211; Samstag 11:00-18:00<br><\/p>\n\n\n<div class=\"wp-block-image\">\n<figure class=\"alignleft\"><img loading=\"lazy\" decoding=\"async\" width=\"170\" height=\"170\" src=\"http:\/\/my.weltladen-heidelberg.de\/wp-content\/uploads\/2018\/11\/KBB_Pictogramm_huerdenlos_rein_By_Stadt_HD.jpg\" alt=\"Piktogramm: Mobile Rampe\" class=\"wp-image-2052\" srcset=\"https:\/\/www.weltladen-heidelberg.de\/wp-content\/uploads\/2018\/11\/KBB_Pictogramm_huerdenlos_rein_By_Stadt_HD.jpg 170w, https:\/\/www.weltladen-heidelberg.de\/wp-content\/uploads\/2018\/11\/KBB_Pictogramm_huerdenlos_rein_By_Stadt_HD-150x150.jpg 150w, https:\/\/www.weltladen-heidelberg.de\/wp-content\/uploads\/2018\/11\/KBB_Pictogramm_huerdenlos_rein_By_Stadt_HD-100x100.jpg 100w\" sizes=\"auto, (max-width: 170px) 100vw, 170px\" \/><\/figure>\n<\/div>\n\n\n<p><a href=\"http:\/\/www.heidelberg.huerdenlos.de\/index.php?id=980&amp;huerdenlos%5bmodule_ratings%5d%5baction%5d=detail&amp;huerdenlos%5bmodule_ratings%5d%5bdbid%5d=2895\"><\/a><br>Informationen zur Zug\u00e4nglichkeit bei<br><br><a href=\"http:\/\/www.heidelberg.huerdenlos.de\/index.php?id=980&amp;huerdenlos%5bmodule_ratings%5d%5baction%5d=detail&amp;huerdenlos%5bmodule_ratings%5d%5bdbid%5d=2895\">Heidelberg H\u00fcrdenlos\u21d7<\/a><br><br><\/p>\n\n\n\n<p><strong>Telefon:<\/strong> 06221-22771<br><strong>Email:<\/strong> info@weltladen-heidelberg.de<br><strong>Facebook:<\/strong> <a href=\"https:\/\/de-de.facebook.com\/weltladenheidelberg\">Weltladen Heidelberg\u21d7<\/a><br><strong>Instagramm:<\/strong> <a href=\"https:\/\/www.instagram.com\/weltladen_hd\">weltladen_hd\u21d7<\/a><br><br><a href=\"https:\/\/www.openstreetmap.org\/node\/1309601588#map=15\/49.4112\/8.7095\">Auf Openstreetmap-Karte anzeigen\u21d7<\/a><\/p>\n","protected":false},"excerpt":{"rendered":"<p>Weltladen Heidelberg Heugasse 2\u21d7,69117 Heidelberg \u00d6ffnungszeiten:Montag &#8211; Samstag 11:00-18:00 Informationen zur Zug\u00e4nglichkeit bei Heidelberg H\u00fcrdenlos\u21d7 Telefon: 06221-22771Email: info@weltladen-heidelberg.deFacebook: Weltladen Heidelberg\u21d7Instagramm: weltladen_hd\u21d7 Auf Openstreetmap-Karte anzeigen\u21d7<\/p>\n","protected":false},"author":1,"featured_media":0,"parent":0,"menu_order":0,"comment_status":"closed","ping_status":"closed","template":"","meta":{"footnotes":""},"class_list":["post-2798","page","type-page","status-publish","hentry"],"_links":{"self":[{"href":"https:\/\/www.weltladen-heidelberg.de\/index.php?rest_route=\/wp\/v2\/pages\/2798","targetHints":{"allow":["GET"]}}],"collection":[{"href":"https:\/\/www.weltladen-heidelberg.de\/index.php?rest_route=\/wp\/v2\/pages"}],"about":[{"href":"https:\/\/www.weltladen-heidelberg.de\/index.php?rest_route=\/wp\/v2\/types\/page"}],"author":[{"embeddable":true,"href":"https:\/\/www.weltladen-heidelberg.de\/index.php?rest_route=\/wp\/v2\/users\/1"}],"replies":[{"embeddable":true,"href":"https:\/\/www.weltladen-heidelberg.de\/index.php?rest_route=%2Fwp%2Fv2%2Fcomments&post=2798"}],"version-history":[{"count":2,"href":"https:\/\/www.weltladen-heidelberg.de\/index.php?rest_route=\/wp\/v2\/pages\/2798\/revisions"}],"predecessor-version":[{"id":2812,"href":"https:\/\/www.weltladen-heidelberg.de\/index.php?rest_route=\/wp\/v2\/pages\/2798\/revisions\/2812"}],"wp:attachment":[{"href":"https:\/\/www.weltladen-heidelberg.de\/index.php?rest_route=%2Fwp%2Fv2%2Fmedia&parent=2798"}],"curies":[{"name":"wp","href":"https:\/\/api.w.org\/{rel}","templated":true}]}}