{"id":2778,"date":"2024-03-29T06:48:33","date_gmt":"2024-03-29T06:48:33","guid":{"rendered":"http:\/\/my.weltladen-heidelberg.de\/?page_id=2778"},"modified":"2024-03-29T07:24:36","modified_gmt":"2024-03-29T07:24:36","slug":"produktinfos","status":"publish","type":"page","link":"https:\/\/www.weltladen-heidelberg.de\/?page_id=2778","title":{"rendered":"Produktinfos"},"content":{"rendered":"\n<div class=\"wp-block-columns is-layout-flex wp-container-core-columns-is-layout-9d6595d7 wp-block-columns-is-layout-flex\">\n<div class=\"wp-block-column is-layout-flow wp-block-column-is-layout-flow\" style=\"flex-basis:100%\">\n<div class=\"wp-block-media-text alignwide is-stacked-on-mobile\" style=\"grid-template-columns:17% auto\"><figure class=\"wp-block-media-text__media\"><img loading=\"lazy\" decoding=\"async\" width=\"150\" height=\"199\" src=\"http:\/\/my.weltladen-heidelberg.de\/wp-content\/uploads\/2013\/04\/12_getrocknete_mangos_in_streifen.jpg\" alt=\"\" class=\"wp-image-1364 size-full\"\/><\/figure><div class=\"wp-block-media-text__content\">\n<p><strong>Genusswelt Mango<\/strong><\/p>\n\n\n\n<p>Im Weltladen sind sie nicht mehr wegzudenken: schmackhafte Mangoprodukte. Die Fr\u00fcchte f\u00fcr die feinen Mangoprodukte wie zum Beispiel den getrockneten Mangos, den Mango-Fruchtaufstrich, den feinen Sirup oder MangoMonkey-Fruchtgummis reifen auf nat\u00fcrliche Weise am philippinischen Carabao-Mangobaum.   <a href=\"http:\/\/my.weltladen-heidelberg.de\/?page_id=1580\">Mehr Infos &#8230;<\/a><\/p>\n<\/div><\/div>\n\n\n\n<div class=\"wp-block-media-text alignwide is-stacked-on-mobile\" style=\"grid-template-columns:15% auto\"><figure class=\"wp-block-media-text__media\"><img loading=\"lazy\" decoding=\"async\" width=\"79\" height=\"136\" src=\"http:\/\/my.weltladen-heidelberg.de\/wp-content\/uploads\/2012\/06\/Kaffee_Sidamo_Weltlpartner.jpg\" alt=\"\" class=\"wp-image-986 size-full\"\/><\/figure><div class=\"wp-block-media-text__content\">\n<p><strong>Kaffeegenuss aus \u00c4thiopien<\/strong><\/p>\n\n\n\n<p>Kaffee geh\u00f6rt mit Abstand zum wichtigsten Exportgut \u00c4thiopiens. Das Land ist heute der bedeutendste Arabica-Exporteur Afrikas. Rund 12 Millionen der Bewohner \u00c4thiopiens leben vom Kaffeeanbau \u2013 \u00fcberwiegend in kleinb\u00e4uerlichen Betrieben.   <a href=\"http:\/\/my.weltladen-heidelberg.de\/?page_id=1258\" data-type=\"URL\" data-id=\"http:\/\/my.weltladen-heidelberg.de\/?page_id=1258\">Mehr Infos &#8230;<\/a><\/p>\n<\/div><\/div>\n\n\n\n<div class=\"wp-block-media-text alignwide is-stacked-on-mobile\" style=\"grid-template-columns:15% auto\"><figure class=\"wp-block-media-text__media\"><img loading=\"lazy\" decoding=\"async\" width=\"800\" height=\"800\" src=\"http:\/\/my.weltladen-heidelberg.de\/wp-content\/uploads\/2024\/03\/Usisi_1620-2-800x800-1.jpg\" alt=\"\" class=\"wp-image-2790 size-full\" srcset=\"https:\/\/www.weltladen-heidelberg.de\/wp-content\/uploads\/2024\/03\/Usisi_1620-2-800x800-1.jpg 800w, https:\/\/www.weltladen-heidelberg.de\/wp-content\/uploads\/2024\/03\/Usisi_1620-2-800x800-1-300x300.jpg 300w, https:\/\/www.weltladen-heidelberg.de\/wp-content\/uploads\/2024\/03\/Usisi_1620-2-800x800-1-150x150.jpg 150w, https:\/\/www.weltladen-heidelberg.de\/wp-content\/uploads\/2024\/03\/Usisi_1620-2-800x800-1-768x768.jpg 768w, https:\/\/www.weltladen-heidelberg.de\/wp-content\/uploads\/2024\/03\/Usisi_1620-2-800x800-1-100x100.jpg 100w, https:\/\/www.weltladen-heidelberg.de\/wp-content\/uploads\/2024\/03\/Usisi_1620-2-800x800-1-200x200.jpg 200w, https:\/\/www.weltladen-heidelberg.de\/wp-content\/uploads\/2024\/03\/Usisi_1620-2-800x800-1-450x450.jpg 450w, https:\/\/www.weltladen-heidelberg.de\/wp-content\/uploads\/2024\/03\/Usisi_1620-2-800x800-1-600x600.jpg 600w\" sizes=\"auto, (max-width: 800px) 100vw, 800px\" \/><\/figure><div class=\"wp-block-media-text__content\">\n<p><strong>Scoobie Wire Armb\u00e4nder, Ohrringe und Halsketten<\/strong><br>uSisi Design aus Pietermaritzburg in S\u00fcdafrika stellt einzigartigen Schmuck aus \u201eScoobie Wire\u201c (Telefonkabeln) her. In der Produktion werden unterschiedliche, zum Teil sehr alte Techniken der traditionellen Flechtkunst, des Webens und Umwickelns verwendet. So entstehen Schmuckst\u00fccke, die eine reiche Geschichte zu erz\u00e4hlen haben.    <a href=\"http:\/\/my.weltladen-heidelberg.de\/?page_id=1748\">Mehr Infos &#8230;<\/a><\/p>\n<\/div><\/div>\n\n\n\n<div class=\"wp-block-media-text alignwide is-stacked-on-mobile\" style=\"grid-template-columns:15% auto\"><figure class=\"wp-block-media-text__media\"><img loading=\"lazy\" decoding=\"async\" width=\"170\" height=\"128\" src=\"http:\/\/my.weltladen-heidelberg.de\/wp-content\/uploads\/2013\/11\/Kapula_Kerzen.jpg\" alt=\"\" class=\"wp-image-1540 size-full\"\/><\/figure><div class=\"wp-block-media-text__content\">\n<p><strong>KAPULA Kerzen aus S\u00fcdafrika<\/strong><br>Nicht nur sch\u00f6n zur kalten Winterzeit sind Kerzen und Keramik aus S\u00fcdafrika, die wir bei uns im Sortiment f\u00fchren. Das warme Licht der farbenfrohen Kerzen erhellt den Raum. Die hochwertige und liebevoll bemalte Keramik ist auf jedem Esstisch ein Augenfang. Schauen Sie in unserem Laden vorbei und lassen Sie sich inspirieren.    <a href=\"http:\/\/my.weltladen-heidelberg.de\/?page_id=1751\">Mehr Infos &#8230;<\/a><\/p>\n<\/div><\/div>\n\n\n\n<div class=\"wp-block-media-text alignwide is-stacked-on-mobile\" style=\"grid-template-columns:15% auto\"><figure class=\"wp-block-media-text__media\"><img loading=\"lazy\" decoding=\"async\" width=\"640\" height=\"400\" src=\"http:\/\/my.weltladen-heidelberg.de\/wp-content\/uploads\/2012\/04\/Pendeluhren.jpg\" alt=\"\" class=\"wp-image-915 size-full\" srcset=\"https:\/\/www.weltladen-heidelberg.de\/wp-content\/uploads\/2012\/04\/Pendeluhren.jpg 640w, https:\/\/www.weltladen-heidelberg.de\/wp-content\/uploads\/2012\/04\/Pendeluhren-300x187.jpg 300w\" sizes=\"auto, (max-width: 640px) 100vw, 640px\" \/><\/figure><div class=\"wp-block-media-text__content\">\n<p><strong><strong>Pendeluhren<\/strong><br><\/strong>Los Oxidos \u2013 die keineswegs rostigen Hingucker. Ball spielende Elefanten, grazile T\u00e4nzerinnen, Eier legende H\u00fchner: Im ganzen Weltladen ticken lustige Pendeluhren, an den W\u00e4nden h\u00e4ngen kleine Wandtafeln und bunte Kleiderhaken.   <a href=\"http:\/\/my.weltladen-heidelberg.de\/?page_id=1165\">Mehr Infos &#8230;<\/a><\/p>\n<\/div><\/div>\n\n\n\n<div class=\"wp-block-media-text alignwide is-stacked-on-mobile\" style=\"grid-template-columns:15% auto\"><figure class=\"wp-block-media-text__media\"><img loading=\"lazy\" decoding=\"async\" width=\"840\" height=\"560\" src=\"http:\/\/my.weltladen-heidelberg.de\/wp-content\/uploads\/2012\/03\/kokoblock_gross.jpg\" alt=\"\" class=\"wp-image-808 size-full\" srcset=\"https:\/\/www.weltladen-heidelberg.de\/wp-content\/uploads\/2012\/03\/kokoblock_gross.jpg 840w, https:\/\/www.weltladen-heidelberg.de\/wp-content\/uploads\/2012\/03\/kokoblock_gross-300x200.jpg 300w\" sizes=\"auto, (max-width: 840px) 100vw, 840px\" \/><\/figure><div class=\"wp-block-media-text__content\">\n<p><strong>Kokoblock<\/strong><br>Klimaschutz und Nachhaltigkeit im Blumentopf: Eine Alternative zu Torf ist hierbei Blumenende aus Kokosfasern. Kokosfasern sind ein Abfallprodukt bei der Herstellung von Kokosfasermatten, Seilen und Teppichen. <a href=\"http:\/\/my.weltladen-heidelberg.de\/?page_id=1175\">Mehr Infos &#8230;<\/a><\/p>\n<\/div><\/div>\n\n\n\n<div class=\"wp-block-media-text alignwide is-stacked-on-mobile\" style=\"grid-template-columns:15% auto\"><figure class=\"wp-block-media-text__media\"><img loading=\"lazy\" decoding=\"async\" width=\"104\" height=\"103\" src=\"http:\/\/my.weltladen-heidelberg.de\/wp-content\/uploads\/2013\/04\/Hoerbuch-Farbe-der-Worte.jpg\" alt=\"\" class=\"wp-image-1331 size-full\"\/><\/figure><div class=\"wp-block-media-text__content\">\n<p><strong>H\u00f6rb\u00fccher<\/strong><br>Warum selber lesen, wenn man vorgelesen bekommt? H\u00f6rb\u00fccher erfreuen sich immer gr\u00f6\u00dferer Beliebtheit. F\u00fcr viele ist es eine ideale Erg\u00e4nzung zum gedruckten Buch. Und man kann nebenbei noch die Hausarbeit etc. erledigen    <a href=\"http:\/\/my.weltladen-heidelberg.de\/?page_id=1163\">Mehr Infos &#8230;<\/a><\/p>\n<\/div><\/div>\n<\/div>\n<\/div>\n","protected":false},"excerpt":{"rendered":"<p>Genusswelt Mango Im Weltladen sind sie nicht mehr wegzudenken: schmackhafte Mangoprodukte. Die Fr\u00fcchte f\u00fcr die feinen Mangoprodukte wie zum Beispiel den getrockneten Mangos, den Mango-Fruchtaufstrich, den feinen Sirup oder MangoMonkey-Fruchtgummis reifen auf nat\u00fcrliche Weise am philippinischen Carabao-Mangobaum. Mehr Infos &#8230; &hellip;<\/p>\n<p class=\"read-more\"> <a class=\"more-link\" href=\"https:\/\/www.weltladen-heidelberg.de\/?page_id=2778\"> <span class=\"screen-reader-text\">Produktinfos<\/span> Read More &raquo;<\/a><\/p>\n","protected":false},"author":1,"featured_media":0,"parent":0,"menu_order":0,"comment_status":"closed","ping_status":"closed","template":"","meta":{"footnotes":""},"class_list":["post-2778","page","type-page","status-publish","hentry"],"_links":{"self":[{"href":"https:\/\/www.weltladen-heidelberg.de\/index.php?rest_route=\/wp\/v2\/pages\/2778","targetHints":{"allow":["GET"]}}],"collection":[{"href":"https:\/\/www.weltladen-heidelberg.de\/index.php?rest_route=\/wp\/v2\/pages"}],"about":[{"href":"https:\/\/www.weltladen-heidelberg.de\/index.php?rest_route=\/wp\/v2\/types\/page"}],"author":[{"embeddable":true,"href":"https:\/\/www.weltladen-heidelberg.de\/index.php?rest_route=\/wp\/v2\/users\/1"}],"replies":[{"embeddable":true,"href":"https:\/\/www.weltladen-heidelberg.de\/index.php?rest_route=%2Fwp%2Fv2%2Fcomments&post=2778"}],"version-history":[{"count":6,"href":"https:\/\/www.weltladen-heidelberg.de\/index.php?rest_route=\/wp\/v2\/pages\/2778\/revisions"}],"predecessor-version":[{"id":2791,"href":"https:\/\/www.weltladen-heidelberg.de\/index.php?rest_route=\/wp\/v2\/pages\/2778\/revisions\/2791"}],"wp:attachment":[{"href":"https:\/\/www.weltladen-heidelberg.de\/index.php?rest_route=%2Fwp%2Fv2%2Fmedia&parent=2778"}],"curies":[{"name":"wp","href":"https:\/\/api.w.org\/{rel}","templated":true}]}}