{"id":2709,"date":"2024-02-19T07:29:25","date_gmt":"2024-02-19T07:29:25","guid":{"rendered":"http:\/\/my.weltladen-heidelberg.de\/?page_id=2709"},"modified":"2024-04-26T05:38:17","modified_gmt":"2024-04-26T05:38:17","slug":"flohmarktstadt-heidelberg","status":"publish","type":"page","link":"https:\/\/www.weltladen-heidelberg.de\/?page_id=2709","title":{"rendered":"27.04.2024 Flohmarkt S\u00fcdstadt"},"content":{"rendered":"\n<p><br><\/p>\n\n\n\n<figure class=\"wp-block-image size-full\"><img loading=\"lazy\" decoding=\"async\" width=\"450\" height=\"408\" src=\"http:\/\/my.weltladen-heidelberg.de\/wp-content\/uploads\/2023\/05\/Bild_Flohmarktstadt_page-0001.jpg\" alt=\"\" class=\"wp-image-2639\" srcset=\"https:\/\/www.weltladen-heidelberg.de\/wp-content\/uploads\/2023\/05\/Bild_Flohmarktstadt_page-0001.jpg 450w, https:\/\/www.weltladen-heidelberg.de\/wp-content\/uploads\/2023\/05\/Bild_Flohmarktstadt_page-0001-300x272.jpg 300w, https:\/\/www.weltladen-heidelberg.de\/wp-content\/uploads\/2023\/05\/Bild_Flohmarktstadt_page-0001-100x91.jpg 100w, https:\/\/www.weltladen-heidelberg.de\/wp-content\/uploads\/2023\/05\/Bild_Flohmarktstadt_page-0001-150x136.jpg 150w, https:\/\/www.weltladen-heidelberg.de\/wp-content\/uploads\/2023\/05\/Bild_Flohmarktstadt_page-0001-200x181.jpg 200w\" sizes=\"auto, (max-width: 450px) 100vw, 450px\" \/><\/figure>\n\n\n\n<p>Nicht nur g\u00fcnstig, sondern auch nachhaltig: Im Rahmen der Fashion Revolution Week starten wir, Darja und Franziska, einen Flohmarkt in der Heidelberger S\u00fcdstadt.&nbsp;<\/p>\n\n\n\n<p><strong>Du wohnst in der S\u00fcdstadt und hast ein paar Dinge, die du gerne unkompliziert verkaufen w\u00fcrdest?<\/strong><br>Starte am 27.04.2024 einen Flohmarkt bei dir Zuhause &#8211; alleine, mit deinen Nachbar<em>*innen, mit der WG oder deinen Freund<\/em>*innen und schenke deinen Sch\u00e4tzen ein neues Leben. <\/p>\n\n\n\n<p><\/p>\n\n\n\n<div class=\"wp-block-buttons is-layout-flex wp-block-buttons-is-layout-flex\">\n<div class=\"wp-block-button\"><a class=\"wp-block-button__link has-responsive-container-background-color-color has-button-hover-color-background-color has-text-color has-background\" href=\"https:\/\/form.jotform.com\/240404152132338\" target=\"_blank\" rel=\"noreferrer noopener\">Klick hier f\u00fcr die Anmeldung deines Flohmarktstands<\/a><\/div>\n<\/div>\n\n\n\n<p><strong>Du m\u00f6chtest gerne ohne schlechtes Gewissen ein paar Schn\u00e4ppchen ergattern und\/oder hast Lust auf Begegnungen mit Menschen in deiner Umgebung?<\/strong><\/p>\n\n\n\n<div class=\"wp-block-buttons is-layout-flex wp-block-buttons-is-layout-flex\">\n<div class=\"wp-block-button\"><a class=\"wp-block-button__link has-responsive-container-background-color-color has-button-color-background-color has-text-color has-background\" href=\"https:\/\/www.google.com\/mymaps\/viewer?mid=15Krx40ApdtiHV6FO7OVCLfrQlBSehPg&amp;hl=de\" target=\"_blank\" rel=\"noreferrer noopener\">Hier ist die Karte mit den vielen Flohmarktst\u00e4nden in der S\u00fcdstadt<\/a><\/div>\n<\/div>\n\n\n\n<p><\/p>\n\n\n\n<p><br>Bei einem kleinen Spaziergang durch die S\u00fcdstadt kannst du die verschiedenen Flohmarkt-St\u00e4nde abklappern und ein paar neue Dinge finden. Dabei schonst du sowohl Ressourcen als auch deinen Geldbeutel.<br>Menschen aus allen Stadtteilen und der Umgebung sind willkommen!\u00a0<br>Die St\u00e4nde werden anhand unterschiedlicher Kategorien (z.B. Kleidung, Haushalt,etc.) auf einer Karte markiert, sodass du schnell einen \u00dcberblick gewinnen kannst. Die Karte wird ab sp\u00e4testens Donnerstag, den 25.04.24 im Caf\u00e9 licht. ausgelegt und online auf der Website des Weltladens ver\u00f6ffentlicht.<\/p>\n\n\n\n<p><strong>Zus\u00e4tzlich zu den Flohmarktst\u00e4nden gibt es ein paar Highlights:<\/strong>&nbsp;<br>&#8211; Das Caf\u00e9 licht. (Rheinstra\u00dfe 29\/1) \u00f6ffnet au\u00dferhalb der regul\u00e4ren \u00d6ffnungszeiten seine T\u00fcren: Hier kannst du dich mit Kaffee und Kuchen st\u00e4rken.<br>&#8211; Bei unserem Infostand erh\u00e4ltst du eine Karte mit den Flohmarktst\u00e4nden sowie weitere Infos.<br>&#8211; Eine Ausstellung bietet Informationen zum Thema Fast Fashion\/nachhaltiger Konsum.<br>&#8211; Im S\u00fcdstadtb\u00fcro in der Chapel (Rheinstra\u00dfe 12\/4) findet ein Kleidertausch statt (im kleinen Saal in der Chapel sowie auf dem Au\u00dfengel\u00e4nde).<\/p>\n\n\n\n<figure class=\"wp-block-image size-large\"><img loading=\"lazy\" decoding=\"async\" width=\"553\" height=\"1024\" src=\"http:\/\/my.weltladen-heidelberg.de\/wp-content\/uploads\/2024\/02\/Facts_Flohmarktstadt-553x1024.jpg\" alt=\"\" class=\"wp-image-2743\" srcset=\"https:\/\/www.weltladen-heidelberg.de\/wp-content\/uploads\/2024\/02\/Facts_Flohmarktstadt-553x1024.jpg 553w, https:\/\/www.weltladen-heidelberg.de\/wp-content\/uploads\/2024\/02\/Facts_Flohmarktstadt-270x500.jpg 270w, https:\/\/www.weltladen-heidelberg.de\/wp-content\/uploads\/2024\/02\/Facts_Flohmarktstadt-768x1422.jpg 768w, https:\/\/www.weltladen-heidelberg.de\/wp-content\/uploads\/2024\/02\/Facts_Flohmarktstadt-829x1536.jpg 829w, https:\/\/www.weltladen-heidelberg.de\/wp-content\/uploads\/2024\/02\/Facts_Flohmarktstadt-100x185.jpg 100w, https:\/\/www.weltladen-heidelberg.de\/wp-content\/uploads\/2024\/02\/Facts_Flohmarktstadt-150x278.jpg 150w, https:\/\/www.weltladen-heidelberg.de\/wp-content\/uploads\/2024\/02\/Facts_Flohmarktstadt-200x370.jpg 200w, https:\/\/www.weltladen-heidelberg.de\/wp-content\/uploads\/2024\/02\/Facts_Flohmarktstadt-300x556.jpg 300w, https:\/\/www.weltladen-heidelberg.de\/wp-content\/uploads\/2024\/02\/Facts_Flohmarktstadt-450x833.jpg 450w, https:\/\/www.weltladen-heidelberg.de\/wp-content\/uploads\/2024\/02\/Facts_Flohmarktstadt-600x1111.jpg 600w, https:\/\/www.weltladen-heidelberg.de\/wp-content\/uploads\/2024\/02\/Facts_Flohmarktstadt-900x1667.jpg 900w, https:\/\/www.weltladen-heidelberg.de\/wp-content\/uploads\/2024\/02\/Facts_Flohmarktstadt.jpg 1080w\" sizes=\"auto, (max-width: 553px) 100vw, 553px\" \/><\/figure>\n\n\n\n<p><strong>Kontakt: flohmarktstadt@weltladen-heidelberg.de<br>Nimm gerne Kontakt zu uns auf, wenn du Fragen zur Veranstaltung hast!<\/strong><\/p>\n\n\n\n<p><strong>Zum Hintergrund:<\/strong><br>Mit der Flohmarktstadt m\u00f6chten wir einerseits erm\u00f6glichen, dass Schn\u00e4ppchen auf<br>eine nachhaltige Weise ergattert werden k\u00f6nnen und andererseits auf \u00fcberm\u00e4\u00dfigen<br>Konsum und seine Auswirkungen auf Umwelt und Menschen in anderen L\u00e4ndern der<br>Welt aufmerksam machen.&nbsp;<br>Denn mit jeder unserer Kaufentscheidungen haben wir einen Einfluss auf den Markt<br>und k\u00f6nnen ihn positiv ver\u00e4ndern! Sagen wir zusammen \u201eNein\u201c zu Fast Fashion und<br>stattdessen \u201eJa\u201c zu nachhaltigeren, umweltfreundlicheren oder ethischeren<br>Angeboten. Unsere Kaufentscheidungen haben wir selbst in der Hand und damit<br>auch die Chance, uns f\u00fcr einen globalen Wandel einzusetzen!<\/p>\n\n\n\n<figure class=\"wp-block-gallery has-nested-images columns-default is-cropped wp-block-gallery-1 is-layout-flex wp-block-gallery-is-layout-flex\"><\/figure>\n","protected":false},"excerpt":{"rendered":"<p>Nicht nur g\u00fcnstig, sondern auch nachhaltig: Im Rahmen der Fashion Revolution Week starten wir, Darja und Franziska, einen Flohmarkt in der Heidelberger S\u00fcdstadt.&nbsp; Du wohnst in der S\u00fcdstadt und hast ein paar Dinge, die du gerne unkompliziert verkaufen w\u00fcrdest?Starte am &hellip;<\/p>\n<p class=\"read-more\"> <a class=\"more-link\" href=\"https:\/\/www.weltladen-heidelberg.de\/?page_id=2709\"> <span class=\"screen-reader-text\">27.04.2024 Flohmarkt S\u00fcdstadt<\/span> Read More &raquo;<\/a><\/p>\n","protected":false},"author":1,"featured_media":0,"parent":0,"menu_order":0,"comment_status":"closed","ping_status":"closed","template":"full-width-page.php","meta":{"footnotes":""},"class_list":["post-2709","page","type-page","status-publish","hentry"],"_links":{"self":[{"href":"https:\/\/www.weltladen-heidelberg.de\/index.php?rest_route=\/wp\/v2\/pages\/2709","targetHints":{"allow":["GET"]}}],"collection":[{"href":"https:\/\/www.weltladen-heidelberg.de\/index.php?rest_route=\/wp\/v2\/pages"}],"about":[{"href":"https:\/\/www.weltladen-heidelberg.de\/index.php?rest_route=\/wp\/v2\/types\/page"}],"author":[{"embeddable":true,"href":"https:\/\/www.weltladen-heidelberg.de\/index.php?rest_route=\/wp\/v2\/users\/1"}],"replies":[{"embeddable":true,"href":"https:\/\/www.weltladen-heidelberg.de\/index.php?rest_route=%2Fwp%2Fv2%2Fcomments&post=2709"}],"version-history":[{"count":21,"href":"https:\/\/www.weltladen-heidelberg.de\/index.php?rest_route=\/wp\/v2\/pages\/2709\/revisions"}],"predecessor-version":[{"id":2883,"href":"https:\/\/www.weltladen-heidelberg.de\/index.php?rest_route=\/wp\/v2\/pages\/2709\/revisions\/2883"}],"wp:attachment":[{"href":"https:\/\/www.weltladen-heidelberg.de\/index.php?rest_route=%2Fwp%2Fv2%2Fmedia&parent=2709"}],"curies":[{"name":"wp","href":"https:\/\/api.w.org\/{rel}","templated":true}]}}