{"id":2700,"date":"2024-02-19T07:19:45","date_gmt":"2024-02-19T07:19:45","guid":{"rendered":"http:\/\/my.weltladen-heidelberg.de\/?page_id=2700"},"modified":"2024-04-23T12:23:46","modified_gmt":"2024-04-23T12:23:46","slug":"fashion-revolution-week-2024","status":"publish","type":"page","link":"https:\/\/www.weltladen-heidelberg.de\/?page_id=2700","title":{"rendered":"Fashion Revolution Week 2024"},"content":{"rendered":"\n<p><strong>Zum vierten Mal veranstalten wir in Heidelberg die Fashion Revolution Week \u2013 eine Woche voller Aktionen und Events rund um die Themen Modemissst\u00e4nde und faire Mode.&nbsp;<\/strong><\/p>\n\n\n\n<div class=\"wp-block-columns is-layout-flex wp-container-core-columns-is-layout-9d6595d7 wp-block-columns-is-layout-flex\">\n<div class=\"wp-block-column is-layout-flow wp-block-column-is-layout-flow\"><div id=\"metaslider-id-2828\" style=\"max-width: 400px; margin: 0 auto;\" class=\"ml-slider-3-20-3 metaslider metaslider-flex metaslider-2828 ml-slider\">\n    <div id=\"metaslider_container_2828\">\n        <div id=\"metaslider_2828\" class=\"flexslider\">\n            <ul aria-live=\"polite\" class=\"slides\">\n                <li style=\"display: block; width: 100%;\" class=\"slide-2841 ms-image\"><img loading=\"lazy\" decoding=\"async\" src=\"https:\/\/www.weltladen-heidelberg.de\/wp-content\/uploads\/2024\/04\/1-400x400.jpg\" height=\"400\" width=\"400\" alt=\"\" class=\"slider-2828 slide-2841\" title=\"1\" \/><\/li>\n                <li style=\"display: none; width: 100%;\" class=\"slide-2842 ms-image\"><img loading=\"lazy\" decoding=\"async\" src=\"https:\/\/www.weltladen-heidelberg.de\/wp-content\/uploads\/2024\/04\/2-400x400.jpg\" height=\"400\" width=\"400\" alt=\"\" class=\"slider-2828 slide-2842\" title=\"2\" \/><\/li>\n                <li style=\"display: none; width: 100%;\" class=\"slide-2843 ms-image\"><img loading=\"lazy\" decoding=\"async\" src=\"https:\/\/www.weltladen-heidelberg.de\/wp-content\/uploads\/2024\/04\/3-400x400.jpg\" height=\"400\" width=\"400\" alt=\"\" class=\"slider-2828 slide-2843\" title=\"3\" \/><\/li>\n                <li style=\"display: none; width: 100%;\" class=\"slide-2844 ms-image\"><img loading=\"lazy\" decoding=\"async\" src=\"https:\/\/www.weltladen-heidelberg.de\/wp-content\/uploads\/2024\/04\/4-400x400.jpg\" height=\"400\" width=\"400\" alt=\"\" class=\"slider-2828 slide-2844\" title=\"4\" \/><\/li>\n                <li style=\"display: none; width: 100%;\" class=\"slide-2845 ms-image\"><img loading=\"lazy\" decoding=\"async\" src=\"https:\/\/www.weltladen-heidelberg.de\/wp-content\/uploads\/2024\/04\/5-400x400.jpg\" height=\"400\" width=\"400\" alt=\"\" class=\"slider-2828 slide-2845\" title=\"5\" \/><\/li>\n                <li style=\"display: none; width: 100%;\" class=\"slide-2846 ms-image\"><img loading=\"lazy\" decoding=\"async\" src=\"https:\/\/www.weltladen-heidelberg.de\/wp-content\/uploads\/2024\/04\/6-400x400.jpg\" height=\"400\" width=\"400\" alt=\"\" class=\"slider-2828 slide-2846\" title=\"6\" \/><\/li>\n                <li style=\"display: none; width: 100%;\" class=\"slide-2847 ms-image\"><img loading=\"lazy\" decoding=\"async\" src=\"https:\/\/www.weltladen-heidelberg.de\/wp-content\/uploads\/2024\/04\/7-400x400.jpg\" height=\"400\" width=\"400\" alt=\"\" class=\"slider-2828 slide-2847\" title=\"7\" \/><\/li>\n                <li style=\"display: none; width: 100%;\" class=\"slide-2848 ms-image\"><img loading=\"lazy\" decoding=\"async\" src=\"https:\/\/www.weltladen-heidelberg.de\/wp-content\/uploads\/2024\/04\/8-400x400.jpg\" height=\"400\" width=\"400\" alt=\"\" class=\"slider-2828 slide-2848\" title=\"8\" \/><\/li>\n                <li style=\"display: none; width: 100%;\" class=\"slide-2849 ms-image\"><img loading=\"lazy\" decoding=\"async\" src=\"https:\/\/www.weltladen-heidelberg.de\/wp-content\/uploads\/2024\/04\/9-400x400.jpg\" height=\"400\" width=\"400\" alt=\"\" class=\"slider-2828 slide-2849\" title=\"9\" \/><\/li>\n                <li style=\"display: none; width: 100%;\" class=\"slide-2850 ms-image\"><img loading=\"lazy\" decoding=\"async\" src=\"https:\/\/www.weltladen-heidelberg.de\/wp-content\/uploads\/2024\/04\/10-400x400.jpg\" height=\"400\" width=\"400\" alt=\"\" class=\"slider-2828 slide-2850\" title=\"10\" \/><\/li>\n            <\/ul>\n        <\/div>\n        \n    <\/div>\n<\/div>\n<\/div>\n\n\n\n<div class=\"wp-block-column is-layout-flow wp-block-column-is-layout-flow\"><div id=\"metaslider-id-2856\" style=\"max-width: 400px; margin: 0 auto;\" class=\"ml-slider-3-20-3 metaslider metaslider-flex metaslider-2856 ml-slider\">\n    <div id=\"metaslider_container_2856\">\n        <div id=\"metaslider_2856\" class=\"flexslider\">\n            <ul aria-live=\"polite\" class=\"slides\">\n                <li style=\"display: block; width: 100%;\" class=\"slide-2857 ms-image\"><img loading=\"lazy\" decoding=\"async\" src=\"https:\/\/www.weltladen-heidelberg.de\/wp-content\/uploads\/2024\/04\/11-400x400.jpg\" height=\"400\" width=\"400\" alt=\"\" class=\"slider-2856 slide-2857\" title=\"11\" \/><\/li>\n                <li style=\"display: none; width: 100%;\" class=\"slide-2858 ms-image\"><img loading=\"lazy\" decoding=\"async\" src=\"https:\/\/www.weltladen-heidelberg.de\/wp-content\/uploads\/2024\/04\/12-400x400.jpg\" height=\"400\" width=\"400\" alt=\"\" class=\"slider-2856 slide-2858\" title=\"12\" \/><\/li>\n            <\/ul>\n        <\/div>\n        \n    <\/div>\n<\/div>\n<\/div>\n<\/div>\n\n\n\n<p>Folge uns auch auf Instagram, um keine Neuigkeiten zu verpassen: <a href=\"https:\/\/www.instagram.com\/fash_rev_hd?utm_source=ig_web_button_share_sheet&amp;igsh=ZDNlZDc0MzIxNw==\">fash_rev_hd<\/a><\/p>\n\n\n\n<figure class=\"wp-block-image size-large\"><img loading=\"lazy\" decoding=\"async\" width=\"1024\" height=\"453\" src=\"http:\/\/my.weltladen-heidelberg.de\/wp-content\/uploads\/2024\/04\/Flyer_FRW24_Programm_aktualisiert-1024x453.jpg\" alt=\"\" class=\"wp-image-2877\" srcset=\"https:\/\/www.weltladen-heidelberg.de\/wp-content\/uploads\/2024\/04\/Flyer_FRW24_Programm_aktualisiert-1024x453.jpg 1024w, https:\/\/www.weltladen-heidelberg.de\/wp-content\/uploads\/2024\/04\/Flyer_FRW24_Programm_aktualisiert-300x133.jpg 300w, https:\/\/www.weltladen-heidelberg.de\/wp-content\/uploads\/2024\/04\/Flyer_FRW24_Programm_aktualisiert-768x340.jpg 768w, https:\/\/www.weltladen-heidelberg.de\/wp-content\/uploads\/2024\/04\/Flyer_FRW24_Programm_aktualisiert-1536x680.jpg 1536w, https:\/\/www.weltladen-heidelberg.de\/wp-content\/uploads\/2024\/04\/Flyer_FRW24_Programm_aktualisiert-100x44.jpg 100w, https:\/\/www.weltladen-heidelberg.de\/wp-content\/uploads\/2024\/04\/Flyer_FRW24_Programm_aktualisiert-150x66.jpg 150w, https:\/\/www.weltladen-heidelberg.de\/wp-content\/uploads\/2024\/04\/Flyer_FRW24_Programm_aktualisiert-200x89.jpg 200w, https:\/\/www.weltladen-heidelberg.de\/wp-content\/uploads\/2024\/04\/Flyer_FRW24_Programm_aktualisiert-450x199.jpg 450w, https:\/\/www.weltladen-heidelberg.de\/wp-content\/uploads\/2024\/04\/Flyer_FRW24_Programm_aktualisiert-600x266.jpg 600w, https:\/\/www.weltladen-heidelberg.de\/wp-content\/uploads\/2024\/04\/Flyer_FRW24_Programm_aktualisiert-900x398.jpg 900w, https:\/\/www.weltladen-heidelberg.de\/wp-content\/uploads\/2024\/04\/Flyer_FRW24_Programm_aktualisiert.jpg 2000w\" sizes=\"auto, (max-width: 1024px) 100vw, 1024px\" \/><\/figure>\n\n\n\n<p><a href=\"http:\/\/my.weltladen-heidelberg.de\/wp-content\/uploads\/2024\/04\/Flyer_FRW24_aktualisiert.pdf\">Hier<\/a> kannst du das Programm als PDF herunterladen.<\/p>\n\n\n\n<p>Ins Leben gerufen wurde die internationale Fashion Revolution Kampagne vor 10 Jahren, um an den Einsturz des Geb\u00e4udes Rana Plaza in Bangladesch zu erinnern, bei dem \u00fcber 1000 N\u00e4her*innen starben. Seither werden weltweit in der Woche um den Jahrestag mit vielf\u00e4ltigen Aktionen die prek\u00e4ren Lebensverh\u00e4ltnisse von N\u00e4her*innen sichtbar gemacht. Neben den sozialen Missst\u00e4nden sollen auch \u00f6kologische Folgen der Fast Fashion Industrie aufgezeigt werden, denn das Prinzip \u201eimmer mehr und immer billiger\u201c verursacht M\u00fcllberge, verschmutz Gew\u00e4sser und verschlingt Ressourcen.<\/p>\n\n\n\n<p>Auch wir werden mit vielen Kooperationspartnern vom 15.04. bis zum 28.04. mit Formaten wie&nbsp;Theaterst\u00fccken, Filmvorf\u00fchrungen, Ausstellungen oder Vortr\u00e4gen  Einblicke in diese Schattenseiten der Modewelt geben. Wir wollen aber nicht nur Missst\u00e4nde, sondern auch faire und nachhaltige Alternativen aufzeigen: zum Beispiel beim Flohmarkt, Kleidertausch-Parties, Fashion Shows, Repair- und DIY-Workshops oder einem Pop-Up-Markt mit fairen Labels.<\/p>\n\n\n\n<p>Die Veranstaltungen finden in der Aktionswoche dezentral in verschiedenen Locations in Heidelberg statt. Beim gro\u00dfen Hauptevent am 28.04. wird im Karlstorbahnhof ein buntes Programm geboten, bei dem du von Allem etwas findest.  <\/p>\n\n\n\n<p><\/p>\n\n\n\n<p><\/p>\n","protected":false},"excerpt":{"rendered":"<p>Zum vierten Mal veranstalten wir in Heidelberg die Fashion Revolution Week \u2013 eine Woche voller Aktionen und Events rund um die Themen Modemissst\u00e4nde und faire Mode.&nbsp; Folge uns auch auf Instagram, um keine Neuigkeiten zu verpassen: fash_rev_hd Hier kannst du &hellip;<\/p>\n<p class=\"read-more\"> <a class=\"more-link\" href=\"https:\/\/www.weltladen-heidelberg.de\/?page_id=2700\"> <span class=\"screen-reader-text\">Fashion Revolution Week 2024<\/span> Read More &raquo;<\/a><\/p>\n","protected":false},"author":1,"featured_media":0,"parent":0,"menu_order":0,"comment_status":"closed","ping_status":"closed","template":"full-width-page.php","meta":{"footnotes":""},"class_list":["post-2700","page","type-page","status-publish","hentry"],"_links":{"self":[{"href":"https:\/\/www.weltladen-heidelberg.de\/index.php?rest_route=\/wp\/v2\/pages\/2700","targetHints":{"allow":["GET"]}}],"collection":[{"href":"https:\/\/www.weltladen-heidelberg.de\/index.php?rest_route=\/wp\/v2\/pages"}],"about":[{"href":"https:\/\/www.weltladen-heidelberg.de\/index.php?rest_route=\/wp\/v2\/types\/page"}],"author":[{"embeddable":true,"href":"https:\/\/www.weltladen-heidelberg.de\/index.php?rest_route=\/wp\/v2\/users\/1"}],"replies":[{"embeddable":true,"href":"https:\/\/www.weltladen-heidelberg.de\/index.php?rest_route=%2Fwp%2Fv2%2Fcomments&post=2700"}],"version-history":[{"count":23,"href":"https:\/\/www.weltladen-heidelberg.de\/index.php?rest_route=\/wp\/v2\/pages\/2700\/revisions"}],"predecessor-version":[{"id":2881,"href":"https:\/\/www.weltladen-heidelberg.de\/index.php?rest_route=\/wp\/v2\/pages\/2700\/revisions\/2881"}],"wp:attachment":[{"href":"https:\/\/www.weltladen-heidelberg.de\/index.php?rest_route=%2Fwp%2Fv2%2Fmedia&parent=2700"}],"curies":[{"name":"wp","href":"https:\/\/api.w.org\/{rel}","templated":true}]}}