{"id":27,"date":"2010-12-10T21:59:36","date_gmt":"2010-12-10T21:59:36","guid":{"rendered":"http:\/\/my.weltladen-heidelberg.de\/?page_id=27"},"modified":"2021-12-02T11:30:08","modified_gmt":"2021-12-02T11:30:08","slug":"lernerlebniseinheiten","status":"publish","type":"page","link":"https:\/\/www.weltladen-heidelberg.de\/?page_id=27","title":{"rendered":"Workshops"},"content":{"rendered":"<p>Wir bieten Ihnen Globales Lernen f\u00fcr Schulklassen aller Schulformen und Altersgruppen sowie f\u00fcr Kinder- und Jugendgruppen.<\/p>\n<p>Unser Angebot ist kostenlos &#8211; \u00fcber Spenden freuen wir uns.<\/p>\n<p>Wo: Im Weltladen Heidelberg Altstadt, in Ihrer Schule\/ Einrichtung oder im Welthaus am Heidelberger Hbf.<\/p>\n<p>M\u00f6chten Sie mit Ihrer Gruppe einen Workshop besuchen?<\/p>\n<p>Bitte kontaktieren Sie unsere Bildungsreferentin<\/p>\n<p>Lena Geisel-Frings<\/p>\n<p>bildung@weltladen-heidelberg.de<\/p>\n<h4><strong>Unser Angebot<\/strong><\/h4>\n\n\n<div class=\"wp-block-media-text alignwide is-stacked-on-mobile\"><figure class=\"wp-block-media-text__media\"><img loading=\"lazy\" decoding=\"async\" width=\"1024\" height=\"683\" src=\"http:\/\/my.weltladen-heidelberg.de\/wp-content\/uploads\/2021\/12\/MG_4922_MG_4922_MG_4922_MG_4922-1024x683.jpg\" alt=\"\" class=\"wp-image-2324 size-full\" srcset=\"https:\/\/www.weltladen-heidelberg.de\/wp-content\/uploads\/2021\/12\/MG_4922_MG_4922_MG_4922_MG_4922-1024x683.jpg 1024w, https:\/\/www.weltladen-heidelberg.de\/wp-content\/uploads\/2021\/12\/MG_4922_MG_4922_MG_4922_MG_4922-300x200.jpg 300w, https:\/\/www.weltladen-heidelberg.de\/wp-content\/uploads\/2021\/12\/MG_4922_MG_4922_MG_4922_MG_4922-768x512.jpg 768w, https:\/\/www.weltladen-heidelberg.de\/wp-content\/uploads\/2021\/12\/MG_4922_MG_4922_MG_4922_MG_4922-1536x1024.jpg 1536w, https:\/\/www.weltladen-heidelberg.de\/wp-content\/uploads\/2021\/12\/MG_4922_MG_4922_MG_4922_MG_4922-2048x1365.jpg 2048w, https:\/\/www.weltladen-heidelberg.de\/wp-content\/uploads\/2021\/12\/MG_4922_MG_4922_MG_4922_MG_4922-100x67.jpg 100w, https:\/\/www.weltladen-heidelberg.de\/wp-content\/uploads\/2021\/12\/MG_4922_MG_4922_MG_4922_MG_4922-150x100.jpg 150w, https:\/\/www.weltladen-heidelberg.de\/wp-content\/uploads\/2021\/12\/MG_4922_MG_4922_MG_4922_MG_4922-200x133.jpg 200w, https:\/\/www.weltladen-heidelberg.de\/wp-content\/uploads\/2021\/12\/MG_4922_MG_4922_MG_4922_MG_4922-450x300.jpg 450w, https:\/\/www.weltladen-heidelberg.de\/wp-content\/uploads\/2021\/12\/MG_4922_MG_4922_MG_4922_MG_4922-600x400.jpg 600w, https:\/\/www.weltladen-heidelberg.de\/wp-content\/uploads\/2021\/12\/MG_4922_MG_4922_MG_4922_MG_4922-900x600.jpg 900w\" sizes=\"auto, (max-width: 1024px) 100vw, 1024px\" \/><\/figure><div class=\"wp-block-media-text__content\">\n<pre class=\"wp-block-verse\"><strong>Die Welt deckt unseren Tisch<\/strong>\n 1.-4. Klasse \\ 2 Std.\n \u00c4pfel aus Neuseeland? Erdbeeren im\n Winter? Bananen f\u00fcr 20 Cent?\n In unserem Workshop finden wir heraus,\n woher unsere Lebensmittel eigentlich\n kommen, wann sie wachsen und wieviel\n M\u00fche es macht, sie zu produzieren.<\/pre>\n<\/div><\/div>\n\n\n\n<div class=\"wp-block-media-text alignwide has-media-on-the-right is-stacked-on-mobile\"><figure class=\"wp-block-media-text__media\"><img loading=\"lazy\" decoding=\"async\" width=\"1024\" height=\"655\" src=\"http:\/\/my.weltladen-heidelberg.de\/wp-content\/uploads\/2021\/12\/MG_5082_MG_5082_MG_5082_MG_5082-1024x655.jpg\" alt=\"\" class=\"wp-image-2328 size-full\" srcset=\"https:\/\/www.weltladen-heidelberg.de\/wp-content\/uploads\/2021\/12\/MG_5082_MG_5082_MG_5082_MG_5082-1024x655.jpg 1024w, https:\/\/www.weltladen-heidelberg.de\/wp-content\/uploads\/2021\/12\/MG_5082_MG_5082_MG_5082_MG_5082-300x192.jpg 300w, https:\/\/www.weltladen-heidelberg.de\/wp-content\/uploads\/2021\/12\/MG_5082_MG_5082_MG_5082_MG_5082-768x492.jpg 768w, https:\/\/www.weltladen-heidelberg.de\/wp-content\/uploads\/2021\/12\/MG_5082_MG_5082_MG_5082_MG_5082-1536x983.jpg 1536w, https:\/\/www.weltladen-heidelberg.de\/wp-content\/uploads\/2021\/12\/MG_5082_MG_5082_MG_5082_MG_5082-2048x1311.jpg 2048w, https:\/\/www.weltladen-heidelberg.de\/wp-content\/uploads\/2021\/12\/MG_5082_MG_5082_MG_5082_MG_5082-100x64.jpg 100w, https:\/\/www.weltladen-heidelberg.de\/wp-content\/uploads\/2021\/12\/MG_5082_MG_5082_MG_5082_MG_5082-150x96.jpg 150w, https:\/\/www.weltladen-heidelberg.de\/wp-content\/uploads\/2021\/12\/MG_5082_MG_5082_MG_5082_MG_5082-200x128.jpg 200w, https:\/\/www.weltladen-heidelberg.de\/wp-content\/uploads\/2021\/12\/MG_5082_MG_5082_MG_5082_MG_5082-450x288.jpg 450w, https:\/\/www.weltladen-heidelberg.de\/wp-content\/uploads\/2021\/12\/MG_5082_MG_5082_MG_5082_MG_5082-600x384.jpg 600w, https:\/\/www.weltladen-heidelberg.de\/wp-content\/uploads\/2021\/12\/MG_5082_MG_5082_MG_5082_MG_5082-900x576.jpg 900w\" sizes=\"auto, (max-width: 1024px) 100vw, 1024px\" \/><\/figure><div class=\"wp-block-media-text__content\">\n<pre class=\"wp-block-verse\"><strong>Wo die Schokolade w\u00e4chst<\/strong>\n 1.-4. Klasse \\ 1,5-3 Std.\n W\u00e4chst Kakao an B\u00e4umen? Und wie wird\n daraus die fertige Schokolade?\n Wir besch\u00e4ftigen uns spielerisch mit der\n Kakaofrucht und erleben sie mit allen\n Sinnen. Was ist der Unterschied zwischen\n der normalen Schokolade und der aus\n Fairem Handel?\n Haben Sie mehr Zeit? Dann k\u00f6nnen wir\n Naschereien aus Schokolade herstellen.\n Alles fair nat\u00fcrlich!<\/pre>\n<\/div><\/div>\n\n\n\n<div class=\"wp-block-media-text alignwide is-stacked-on-mobile\"><figure class=\"wp-block-media-text__media\"><img loading=\"lazy\" decoding=\"async\" width=\"1024\" height=\"683\" src=\"http:\/\/my.weltladen-heidelberg.de\/wp-content\/uploads\/2021\/12\/MG_5062_MG_5062_MG_5062_MG_5062-1024x683.jpg\" alt=\"\" class=\"wp-image-2329 size-full\" srcset=\"https:\/\/www.weltladen-heidelberg.de\/wp-content\/uploads\/2021\/12\/MG_5062_MG_5062_MG_5062_MG_5062-1024x683.jpg 1024w, https:\/\/www.weltladen-heidelberg.de\/wp-content\/uploads\/2021\/12\/MG_5062_MG_5062_MG_5062_MG_5062-300x200.jpg 300w, https:\/\/www.weltladen-heidelberg.de\/wp-content\/uploads\/2021\/12\/MG_5062_MG_5062_MG_5062_MG_5062-768x512.jpg 768w, https:\/\/www.weltladen-heidelberg.de\/wp-content\/uploads\/2021\/12\/MG_5062_MG_5062_MG_5062_MG_5062-1536x1024.jpg 1536w, https:\/\/www.weltladen-heidelberg.de\/wp-content\/uploads\/2021\/12\/MG_5062_MG_5062_MG_5062_MG_5062-2048x1365.jpg 2048w, https:\/\/www.weltladen-heidelberg.de\/wp-content\/uploads\/2021\/12\/MG_5062_MG_5062_MG_5062_MG_5062-100x67.jpg 100w, https:\/\/www.weltladen-heidelberg.de\/wp-content\/uploads\/2021\/12\/MG_5062_MG_5062_MG_5062_MG_5062-150x100.jpg 150w, https:\/\/www.weltladen-heidelberg.de\/wp-content\/uploads\/2021\/12\/MG_5062_MG_5062_MG_5062_MG_5062-200x133.jpg 200w, https:\/\/www.weltladen-heidelberg.de\/wp-content\/uploads\/2021\/12\/MG_5062_MG_5062_MG_5062_MG_5062-450x300.jpg 450w, https:\/\/www.weltladen-heidelberg.de\/wp-content\/uploads\/2021\/12\/MG_5062_MG_5062_MG_5062_MG_5062-600x400.jpg 600w, https:\/\/www.weltladen-heidelberg.de\/wp-content\/uploads\/2021\/12\/MG_5062_MG_5062_MG_5062_MG_5062-900x600.jpg 900w\" sizes=\"auto, (max-width: 1024px) 100vw, 1024px\" \/><\/figure><div class=\"wp-block-media-text__content\">\n<pre class=\"wp-block-verse\"><strong>Warum ist die Banane krumm?<\/strong>\n 1.-7. Klasse \\ 2 Std.\n Bananen geh\u00f6ren zu unseren\n Lieblingsfr\u00fcchten. Aber wo kommt die\n Frucht eigentlich her und wie wird sie\n angebaut? Wer verdient am\n Bananengesch\u00e4ft und was hat es mit\n fairen Bananen auf sich?\n Zus\u00e4tzlich zum Workshop kann ein\n Besuch der Bananenreiferei in Mannheim\n organisiert werden.<\/pre>\n<\/div><\/div>\n\n\n\n<div class=\"wp-block-media-text alignwide has-media-on-the-right is-stacked-on-mobile\"><figure class=\"wp-block-media-text__media\"><img loading=\"lazy\" decoding=\"async\" width=\"1024\" height=\"725\" src=\"http:\/\/my.weltladen-heidelberg.de\/wp-content\/uploads\/2021\/12\/MG_5116_MG_5116_MG_5116_MG_5116-1024x725.jpg\" alt=\"\" class=\"wp-image-2330 size-full\" srcset=\"https:\/\/www.weltladen-heidelberg.de\/wp-content\/uploads\/2021\/12\/MG_5116_MG_5116_MG_5116_MG_5116-1024x725.jpg 1024w, https:\/\/www.weltladen-heidelberg.de\/wp-content\/uploads\/2021\/12\/MG_5116_MG_5116_MG_5116_MG_5116-300x213.jpg 300w, https:\/\/www.weltladen-heidelberg.de\/wp-content\/uploads\/2021\/12\/MG_5116_MG_5116_MG_5116_MG_5116-768x544.jpg 768w, https:\/\/www.weltladen-heidelberg.de\/wp-content\/uploads\/2021\/12\/MG_5116_MG_5116_MG_5116_MG_5116-1536x1088.jpg 1536w, https:\/\/www.weltladen-heidelberg.de\/wp-content\/uploads\/2021\/12\/MG_5116_MG_5116_MG_5116_MG_5116-2048x1451.jpg 2048w, https:\/\/www.weltladen-heidelberg.de\/wp-content\/uploads\/2021\/12\/MG_5116_MG_5116_MG_5116_MG_5116-100x71.jpg 100w, https:\/\/www.weltladen-heidelberg.de\/wp-content\/uploads\/2021\/12\/MG_5116_MG_5116_MG_5116_MG_5116-150x106.jpg 150w, https:\/\/www.weltladen-heidelberg.de\/wp-content\/uploads\/2021\/12\/MG_5116_MG_5116_MG_5116_MG_5116-200x142.jpg 200w, https:\/\/www.weltladen-heidelberg.de\/wp-content\/uploads\/2021\/12\/MG_5116_MG_5116_MG_5116_MG_5116-450x319.jpg 450w, https:\/\/www.weltladen-heidelberg.de\/wp-content\/uploads\/2021\/12\/MG_5116_MG_5116_MG_5116_MG_5116-600x425.jpg 600w, https:\/\/www.weltladen-heidelberg.de\/wp-content\/uploads\/2021\/12\/MG_5116_MG_5116_MG_5116_MG_5116-900x638.jpg 900w\" sizes=\"auto, (max-width: 1024px) 100vw, 1024px\" \/><\/figure><div class=\"wp-block-media-text__content\">\n<pre class=\"wp-block-verse\"><strong>Fu\u00dfball Fair Pay - Fair Play<\/strong>\n 2.-8. Klasse \\ 2 Std.\n Deutschland ist fu\u00dfballbegeistert. Der Workshop greift dies auf und stellt Fragen, die beim\nSpielen meist vergessen werden. Wer produziert eigentlich die Fu\u00dfb\u00e4lle? Wie leben und arbeiten diese Menschen? Und k\u00f6nnen wir selbst f\u00fcr mehr Fairness aktiv werden? Im Workshop probieren wir selber aus, wie man einen\nFu\u00dfball n\u00e4ht. <\/pre>\n<\/div><\/div>\n\n\n\n<div class=\"wp-block-media-text alignwide is-stacked-on-mobile\"><figure class=\"wp-block-media-text__media\"><img loading=\"lazy\" decoding=\"async\" width=\"1024\" height=\"695\" src=\"http:\/\/my.weltladen-heidelberg.de\/wp-content\/uploads\/2021\/12\/MG_4989_MG_4989_MG_4989_MG_4989-1024x695.jpg\" alt=\"\" class=\"wp-image-2334 size-full\" srcset=\"https:\/\/www.weltladen-heidelberg.de\/wp-content\/uploads\/2021\/12\/MG_4989_MG_4989_MG_4989_MG_4989-1024x695.jpg 1024w, https:\/\/www.weltladen-heidelberg.de\/wp-content\/uploads\/2021\/12\/MG_4989_MG_4989_MG_4989_MG_4989-300x204.jpg 300w, https:\/\/www.weltladen-heidelberg.de\/wp-content\/uploads\/2021\/12\/MG_4989_MG_4989_MG_4989_MG_4989-768x521.jpg 768w, https:\/\/www.weltladen-heidelberg.de\/wp-content\/uploads\/2021\/12\/MG_4989_MG_4989_MG_4989_MG_4989-1536x1042.jpg 1536w, https:\/\/www.weltladen-heidelberg.de\/wp-content\/uploads\/2021\/12\/MG_4989_MG_4989_MG_4989_MG_4989-2048x1390.jpg 2048w, https:\/\/www.weltladen-heidelberg.de\/wp-content\/uploads\/2021\/12\/MG_4989_MG_4989_MG_4989_MG_4989-100x68.jpg 100w, https:\/\/www.weltladen-heidelberg.de\/wp-content\/uploads\/2021\/12\/MG_4989_MG_4989_MG_4989_MG_4989-150x102.jpg 150w, https:\/\/www.weltladen-heidelberg.de\/wp-content\/uploads\/2021\/12\/MG_4989_MG_4989_MG_4989_MG_4989-200x136.jpg 200w, https:\/\/www.weltladen-heidelberg.de\/wp-content\/uploads\/2021\/12\/MG_4989_MG_4989_MG_4989_MG_4989-450x305.jpg 450w, https:\/\/www.weltladen-heidelberg.de\/wp-content\/uploads\/2021\/12\/MG_4989_MG_4989_MG_4989_MG_4989-600x407.jpg 600w, https:\/\/www.weltladen-heidelberg.de\/wp-content\/uploads\/2021\/12\/MG_4989_MG_4989_MG_4989_MG_4989-900x611.jpg 900w\" sizes=\"auto, (max-width: 1024px) 100vw, 1024px\" \/><\/figure><div class=\"wp-block-media-text__content\">\n<pre class=\"wp-block-verse\"><strong>Welthandel \u2013 mehr (ge)recht als billig!<\/strong>\n 8.-13. Klasse \\ 2-3 Std.\n Wie steht es um die Gerechtigkeit auf der\n Welt? Und hat unser Konsum Einfluss\n darauf? Wir schauen uns an, was f\u00fcr\n einen Fairen Handel wichtig ist und was\n hinter den Siegeln steckt. Wie k\u00f6nnen wir\n dazu beitragen, die Welt gerechter zu\n gestalten?<\/pre>\n<\/div><\/div>\n\n\n\n<div class=\"wp-block-media-text alignwide has-media-on-the-right is-stacked-on-mobile\"><figure class=\"wp-block-media-text__media\"><img loading=\"lazy\" decoding=\"async\" width=\"1024\" height=\"683\" src=\"http:\/\/my.weltladen-heidelberg.de\/wp-content\/uploads\/2021\/12\/11-1024x683.jpg\" alt=\"\" class=\"wp-image-2338 size-full\" srcset=\"https:\/\/www.weltladen-heidelberg.de\/wp-content\/uploads\/2021\/12\/11-1024x683.jpg 1024w, https:\/\/www.weltladen-heidelberg.de\/wp-content\/uploads\/2021\/12\/11-300x200.jpg 300w, https:\/\/www.weltladen-heidelberg.de\/wp-content\/uploads\/2021\/12\/11-768x512.jpg 768w, https:\/\/www.weltladen-heidelberg.de\/wp-content\/uploads\/2021\/12\/11-1536x1024.jpg 1536w, https:\/\/www.weltladen-heidelberg.de\/wp-content\/uploads\/2021\/12\/11-2048x1365.jpg 2048w, https:\/\/www.weltladen-heidelberg.de\/wp-content\/uploads\/2021\/12\/11-100x67.jpg 100w, https:\/\/www.weltladen-heidelberg.de\/wp-content\/uploads\/2021\/12\/11-150x100.jpg 150w, https:\/\/www.weltladen-heidelberg.de\/wp-content\/uploads\/2021\/12\/11-200x133.jpg 200w, https:\/\/www.weltladen-heidelberg.de\/wp-content\/uploads\/2021\/12\/11-450x300.jpg 450w, https:\/\/www.weltladen-heidelberg.de\/wp-content\/uploads\/2021\/12\/11-600x400.jpg 600w, https:\/\/www.weltladen-heidelberg.de\/wp-content\/uploads\/2021\/12\/11-900x600.jpg 900w\" sizes=\"auto, (max-width: 1024px) 100vw, 1024px\" \/><\/figure><div class=\"wp-block-media-text__content\">\n<pre class=\"wp-block-verse\"><strong>Mein Smartphone - Von der Mine bis zum\n Recyclinghof<\/strong>\n 7.-10. Klasse \\ 3 Std.\n Ein Leben ohne Smartphone? F\u00fcr die meisten\n von uns unvorstellbar. Wir schauen uns an,\n was in einem Smartphone steckt und\n untersuchen die Auswirkungen auf Mensch\n und Umwelt von der Rohstoffgewinnung \u00fcber\n die Herstellung und Nutzung bis zur\n Entsorgung. Wie k\u00f6nnen wir zu mehr\n Nachhaltigkeit beim Konsum elektronischer\n Ger\u00e4te beitragen?<\/pre>\n<\/div><\/div>\n\n\n\n<div class=\"wp-block-media-text alignwide is-stacked-on-mobile\"><figure class=\"wp-block-media-text__media\"><img loading=\"lazy\" decoding=\"async\" width=\"1024\" height=\"655\" src=\"http:\/\/my.weltladen-heidelberg.de\/wp-content\/uploads\/2021\/12\/MG_5082_MG_5082_MG_5082_MG_5082-1-1024x655.jpg\" alt=\"\" class=\"wp-image-2335 size-full\" srcset=\"https:\/\/www.weltladen-heidelberg.de\/wp-content\/uploads\/2021\/12\/MG_5082_MG_5082_MG_5082_MG_5082-1-1024x655.jpg 1024w, https:\/\/www.weltladen-heidelberg.de\/wp-content\/uploads\/2021\/12\/MG_5082_MG_5082_MG_5082_MG_5082-1-300x192.jpg 300w, https:\/\/www.weltladen-heidelberg.de\/wp-content\/uploads\/2021\/12\/MG_5082_MG_5082_MG_5082_MG_5082-1-768x492.jpg 768w, https:\/\/www.weltladen-heidelberg.de\/wp-content\/uploads\/2021\/12\/MG_5082_MG_5082_MG_5082_MG_5082-1-1536x983.jpg 1536w, https:\/\/www.weltladen-heidelberg.de\/wp-content\/uploads\/2021\/12\/MG_5082_MG_5082_MG_5082_MG_5082-1-2048x1311.jpg 2048w, https:\/\/www.weltladen-heidelberg.de\/wp-content\/uploads\/2021\/12\/MG_5082_MG_5082_MG_5082_MG_5082-1-100x64.jpg 100w, https:\/\/www.weltladen-heidelberg.de\/wp-content\/uploads\/2021\/12\/MG_5082_MG_5082_MG_5082_MG_5082-1-150x96.jpg 150w, https:\/\/www.weltladen-heidelberg.de\/wp-content\/uploads\/2021\/12\/MG_5082_MG_5082_MG_5082_MG_5082-1-200x128.jpg 200w, https:\/\/www.weltladen-heidelberg.de\/wp-content\/uploads\/2021\/12\/MG_5082_MG_5082_MG_5082_MG_5082-1-450x288.jpg 450w, https:\/\/www.weltladen-heidelberg.de\/wp-content\/uploads\/2021\/12\/MG_5082_MG_5082_MG_5082_MG_5082-1-600x384.jpg 600w, https:\/\/www.weltladen-heidelberg.de\/wp-content\/uploads\/2021\/12\/MG_5082_MG_5082_MG_5082_MG_5082-1-900x576.jpg 900w\" sizes=\"auto, (max-width: 1024px) 100vw, 1024px\" \/><\/figure><div class=\"wp-block-media-text__content\">\n<pre class=\"wp-block-verse\"><strong>Kakao \u2013 Bitter oder Fair<\/strong>\n 5.-10. Klasse \\ 2-3 Std.\n Woher kommt der Kakao f\u00fcr unsere\n Lieblingsschokolade und wie wird diese\n hergestellt? Wir besch\u00e4ftigen uns damit,\n wer vom Schokoladengesch\u00e4ft profitiert\n und welche Ver\u00e4nderungen der Faire Handel\n bewirkt. Was k\u00f6nnen wir dazu beitragen,\n Kakaoanbau nachhaltiger zu gestalten?<\/pre>\n<\/div><\/div>\n\n\n\n<div class=\"wp-block-media-text alignwide has-media-on-the-right is-stacked-on-mobile\"><figure class=\"wp-block-media-text__media\"><img loading=\"lazy\" decoding=\"async\" width=\"1024\" height=\"683\" src=\"http:\/\/my.weltladen-heidelberg.de\/wp-content\/uploads\/2021\/12\/MG_5094_MG_5094_MG_5094_MG_5094-1024x683.jpg\" alt=\"\" class=\"wp-image-2336 size-full\" srcset=\"https:\/\/www.weltladen-heidelberg.de\/wp-content\/uploads\/2021\/12\/MG_5094_MG_5094_MG_5094_MG_5094-1024x683.jpg 1024w, https:\/\/www.weltladen-heidelberg.de\/wp-content\/uploads\/2021\/12\/MG_5094_MG_5094_MG_5094_MG_5094-300x200.jpg 300w, https:\/\/www.weltladen-heidelberg.de\/wp-content\/uploads\/2021\/12\/MG_5094_MG_5094_MG_5094_MG_5094-768x512.jpg 768w, https:\/\/www.weltladen-heidelberg.de\/wp-content\/uploads\/2021\/12\/MG_5094_MG_5094_MG_5094_MG_5094-1536x1024.jpg 1536w, https:\/\/www.weltladen-heidelberg.de\/wp-content\/uploads\/2021\/12\/MG_5094_MG_5094_MG_5094_MG_5094-2048x1365.jpg 2048w, https:\/\/www.weltladen-heidelberg.de\/wp-content\/uploads\/2021\/12\/MG_5094_MG_5094_MG_5094_MG_5094-100x67.jpg 100w, https:\/\/www.weltladen-heidelberg.de\/wp-content\/uploads\/2021\/12\/MG_5094_MG_5094_MG_5094_MG_5094-150x100.jpg 150w, https:\/\/www.weltladen-heidelberg.de\/wp-content\/uploads\/2021\/12\/MG_5094_MG_5094_MG_5094_MG_5094-200x133.jpg 200w, https:\/\/www.weltladen-heidelberg.de\/wp-content\/uploads\/2021\/12\/MG_5094_MG_5094_MG_5094_MG_5094-450x300.jpg 450w, https:\/\/www.weltladen-heidelberg.de\/wp-content\/uploads\/2021\/12\/MG_5094_MG_5094_MG_5094_MG_5094-600x400.jpg 600w, https:\/\/www.weltladen-heidelberg.de\/wp-content\/uploads\/2021\/12\/MG_5094_MG_5094_MG_5094_MG_5094-900x600.jpg 900w\" sizes=\"auto, (max-width: 1024px) 100vw, 1024px\" \/><\/figure><div class=\"wp-block-media-text__content\">\n<pre class=\"wp-block-verse\"><strong>Mein T-Shirt und die Welt<\/strong>\n7.-13. Klasse \\ 5 Std.\nIm Workshop schauen wir uns den globalen Weg von der Baumwolle zum fertigen Kleidungsst\u00fcck an. Wie sind die Arbeitsbedingungen von den Menschen, die unsere Kleidung n\u00e4hen und was k\u00f6nnen wir tun, damit die Textilindustrie f\u00fcr Mensch und Umwelt gerechter wird? Wir lernen Upcycling kennen und probieren aus,\nwas man aus alten T-Shirts Neues herstellen kann.<\/pre>\n<\/div><\/div>\n\n\n\n<p>Alle Fotos von Thalia Engel\/ Malach Photography<\/p>\n","protected":false},"excerpt":{"rendered":"<p>Wir bieten Ihnen Globales Lernen f\u00fcr Schulklassen aller Schulformen und Altersgruppen sowie f\u00fcr Kinder- und Jugendgruppen. Unser Angebot ist kostenlos &#8211; \u00fcber Spenden freuen wir uns. Wo: Im Weltladen Heidelberg Altstadt, in Ihrer Schule\/ Einrichtung oder im Welthaus am Heidelberger &hellip;<\/p>\n<p class=\"read-more\"> <a class=\"more-link\" href=\"https:\/\/www.weltladen-heidelberg.de\/?page_id=27\"> <span class=\"screen-reader-text\">Workshops<\/span> Read More &raquo;<\/a><\/p>\n","protected":false},"author":1,"featured_media":0,"parent":18,"menu_order":2,"comment_status":"closed","ping_status":"closed","template":"full-width-page.php","meta":{"footnotes":""},"class_list":["post-27","page","type-page","status-publish","hentry"],"_links":{"self":[{"href":"https:\/\/www.weltladen-heidelberg.de\/index.php?rest_route=\/wp\/v2\/pages\/27","targetHints":{"allow":["GET"]}}],"collection":[{"href":"https:\/\/www.weltladen-heidelberg.de\/index.php?rest_route=\/wp\/v2\/pages"}],"about":[{"href":"https:\/\/www.weltladen-heidelberg.de\/index.php?rest_route=\/wp\/v2\/types\/page"}],"author":[{"embeddable":true,"href":"https:\/\/www.weltladen-heidelberg.de\/index.php?rest_route=\/wp\/v2\/users\/1"}],"replies":[{"embeddable":true,"href":"https:\/\/www.weltladen-heidelberg.de\/index.php?rest_route=%2Fwp%2Fv2%2Fcomments&post=27"}],"version-history":[{"count":24,"href":"https:\/\/www.weltladen-heidelberg.de\/index.php?rest_route=\/wp\/v2\/pages\/27\/revisions"}],"predecessor-version":[{"id":2349,"href":"https:\/\/www.weltladen-heidelberg.de\/index.php?rest_route=\/wp\/v2\/pages\/27\/revisions\/2349"}],"up":[{"embeddable":true,"href":"https:\/\/www.weltladen-heidelberg.de\/index.php?rest_route=\/wp\/v2\/pages\/18"}],"wp:attachment":[{"href":"https:\/\/www.weltladen-heidelberg.de\/index.php?rest_route=%2Fwp%2Fv2%2Fmedia&parent=27"}],"curies":[{"name":"wp","href":"https:\/\/api.w.org\/{rel}","templated":true}]}}