{"id":2387,"date":"2022-02-23T10:10:15","date_gmt":"2022-02-23T10:10:15","guid":{"rendered":"http:\/\/my.weltladen-heidelberg.de\/?page_id=2387"},"modified":"2023-01-18T12:51:37","modified_gmt":"2023-01-18T12:51:37","slug":"fashion-revolution-18-24-april-2022","status":"publish","type":"page","link":"https:\/\/www.weltladen-heidelberg.de\/?page_id=2387","title":{"rendered":"Fashion Revolution 18. &#8211; 27. April 2022"},"content":{"rendered":"\n<p class=\"has-text-align-center\"><strong>Who made my clothes? Wer hat eigentlich unsere Kleidung gemacht?<\/strong><\/p>\n\n\n\n<p class=\"has-text-align-center\">Vom 18. &#8211; 27.&nbsp;April findet in Heidelberg die <em>Fashion Revolution Week<\/em>&nbsp; statt. Koordiniert vom Weltladen Heidelberg, informiert die globale Aktionswoche \u00fcber soziale und \u00f6kologische Folgen der Textilindustrie und fordert grundlegende Ver\u00e4nderungen.&nbsp;Das Programm findet Ihr hier sowie auf Instagram und Facebook.<\/p>\n\n\n<div class=\"wp-block-image\">\n<figure class=\"aligncenter size-large\"><img loading=\"lazy\" decoding=\"async\" width=\"723\" height=\"1024\" src=\"http:\/\/my.weltladen-heidelberg.de\/wp-content\/uploads\/2022\/03\/Plakat_Fashion-Revolution-Week2022-1-723x1024.png\" alt=\"\" class=\"wp-image-2406\" srcset=\"https:\/\/www.weltladen-heidelberg.de\/wp-content\/uploads\/2022\/03\/Plakat_Fashion-Revolution-Week2022-1-723x1024.png 723w, https:\/\/www.weltladen-heidelberg.de\/wp-content\/uploads\/2022\/03\/Plakat_Fashion-Revolution-Week2022-1-300x425.png 300w, https:\/\/www.weltladen-heidelberg.de\/wp-content\/uploads\/2022\/03\/Plakat_Fashion-Revolution-Week2022-1-768x1088.png 768w, https:\/\/www.weltladen-heidelberg.de\/wp-content\/uploads\/2022\/03\/Plakat_Fashion-Revolution-Week2022-1-1085x1536.png 1085w, https:\/\/www.weltladen-heidelberg.de\/wp-content\/uploads\/2022\/03\/Plakat_Fashion-Revolution-Week2022-1-1446x2048.png 1446w, https:\/\/www.weltladen-heidelberg.de\/wp-content\/uploads\/2022\/03\/Plakat_Fashion-Revolution-Week2022-1-100x142.png 100w, https:\/\/www.weltladen-heidelberg.de\/wp-content\/uploads\/2022\/03\/Plakat_Fashion-Revolution-Week2022-1-150x212.png 150w, https:\/\/www.weltladen-heidelberg.de\/wp-content\/uploads\/2022\/03\/Plakat_Fashion-Revolution-Week2022-1-200x283.png 200w, https:\/\/www.weltladen-heidelberg.de\/wp-content\/uploads\/2022\/03\/Plakat_Fashion-Revolution-Week2022-1-450x637.png 450w, https:\/\/www.weltladen-heidelberg.de\/wp-content\/uploads\/2022\/03\/Plakat_Fashion-Revolution-Week2022-1-600x850.png 600w, https:\/\/www.weltladen-heidelberg.de\/wp-content\/uploads\/2022\/03\/Plakat_Fashion-Revolution-Week2022-1-900x1274.png 900w\" sizes=\"auto, (max-width: 723px) 100vw, 723px\" \/><\/figure>\n<\/div>\n\n\n<h3 class=\"has-text-align-center wp-block-heading\">Gesamtprogramm der Fashion Revolution Week 2022<\/h3>\n\n\n\n<figure class=\"wp-block-image size-large\"><img loading=\"lazy\" decoding=\"async\" width=\"1024\" height=\"730\" src=\"http:\/\/my.weltladen-heidelberg.de\/wp-content\/uploads\/2022\/04\/3Gesamtprogramm-1024x730.png\" alt=\"\" class=\"wp-image-2439\" srcset=\"https:\/\/www.weltladen-heidelberg.de\/wp-content\/uploads\/2022\/04\/3Gesamtprogramm-1024x730.png 1024w, https:\/\/www.weltladen-heidelberg.de\/wp-content\/uploads\/2022\/04\/3Gesamtprogramm-300x214.png 300w, https:\/\/www.weltladen-heidelberg.de\/wp-content\/uploads\/2022\/04\/3Gesamtprogramm-768x548.png 768w, https:\/\/www.weltladen-heidelberg.de\/wp-content\/uploads\/2022\/04\/3Gesamtprogramm-1536x1095.png 1536w, https:\/\/www.weltladen-heidelberg.de\/wp-content\/uploads\/2022\/04\/3Gesamtprogramm-100x71.png 100w, https:\/\/www.weltladen-heidelberg.de\/wp-content\/uploads\/2022\/04\/3Gesamtprogramm-150x107.png 150w, https:\/\/www.weltladen-heidelberg.de\/wp-content\/uploads\/2022\/04\/3Gesamtprogramm-200x143.png 200w, https:\/\/www.weltladen-heidelberg.de\/wp-content\/uploads\/2022\/04\/3Gesamtprogramm-450x321.png 450w, https:\/\/www.weltladen-heidelberg.de\/wp-content\/uploads\/2022\/04\/3Gesamtprogramm-600x428.png 600w, https:\/\/www.weltladen-heidelberg.de\/wp-content\/uploads\/2022\/04\/3Gesamtprogramm-900x642.png 900w, https:\/\/www.weltladen-heidelberg.de\/wp-content\/uploads\/2022\/04\/3Gesamtprogramm.png 2000w\" sizes=\"auto, (max-width: 1024px) 100vw, 1024px\" \/><\/figure>\n\n\n\n<h2 class=\"wp-block-heading\">F\u00fcr mehr Details zu den Veranstaltungen, kannst du die gesamte Brosch\u00fcre <a href=\"http:\/\/my.weltladen-heidelberg.de\/wp-content\/uploads\/2022\/04\/Broschuere-Fashion-Revolution-Week-21-\u00d7-14.8-cm-216-\u00d7-154-mm-2.pdf\">hier<\/a> herunterladen! <\/h2>\n\n\n<div class=\"wp-block-image\">\n<figure class=\"aligncenter size-medium\"><img loading=\"lazy\" decoding=\"async\" width=\"300\" height=\"365\" src=\"http:\/\/my.weltladen-heidelberg.de\/wp-content\/uploads\/2022\/02\/fash_rev_hd-300x365.png\" alt=\"\" class=\"wp-image-2395\" srcset=\"https:\/\/www.weltladen-heidelberg.de\/wp-content\/uploads\/2022\/02\/fash_rev_hd-300x365.png 300w, https:\/\/www.weltladen-heidelberg.de\/wp-content\/uploads\/2022\/02\/fash_rev_hd-842x1024.png 842w, https:\/\/www.weltladen-heidelberg.de\/wp-content\/uploads\/2022\/02\/fash_rev_hd-768x934.png 768w, https:\/\/www.weltladen-heidelberg.de\/wp-content\/uploads\/2022\/02\/fash_rev_hd-100x122.png 100w, https:\/\/www.weltladen-heidelberg.de\/wp-content\/uploads\/2022\/02\/fash_rev_hd-150x182.png 150w, https:\/\/www.weltladen-heidelberg.de\/wp-content\/uploads\/2022\/02\/fash_rev_hd-200x243.png 200w, https:\/\/www.weltladen-heidelberg.de\/wp-content\/uploads\/2022\/02\/fash_rev_hd-450x547.png 450w, https:\/\/www.weltladen-heidelberg.de\/wp-content\/uploads\/2022\/02\/fash_rev_hd-600x729.png 600w, https:\/\/www.weltladen-heidelberg.de\/wp-content\/uploads\/2022\/02\/fash_rev_hd-900x1094.png 900w, https:\/\/www.weltladen-heidelberg.de\/wp-content\/uploads\/2022\/02\/fash_rev_hd.png 1039w\" sizes=\"auto, (max-width: 300px) 100vw, 300px\" \/><\/figure>\n<\/div>\n\n<div class=\"wp-block-image\">\n<figure class=\"aligncenter size-large\"><img loading=\"lazy\" decoding=\"async\" width=\"1024\" height=\"1024\" src=\"http:\/\/my.weltladen-heidelberg.de\/wp-content\/uploads\/2022\/04\/Selfie-Kampagne-Homepage-1024x1024.jpg\" alt=\"\" class=\"wp-image-2442\" srcset=\"https:\/\/www.weltladen-heidelberg.de\/wp-content\/uploads\/2022\/04\/Selfie-Kampagne-Homepage-1024x1024.jpg 1024w, https:\/\/www.weltladen-heidelberg.de\/wp-content\/uploads\/2022\/04\/Selfie-Kampagne-Homepage-300x300.jpg 300w, https:\/\/www.weltladen-heidelberg.de\/wp-content\/uploads\/2022\/04\/Selfie-Kampagne-Homepage-150x150.jpg 150w, https:\/\/www.weltladen-heidelberg.de\/wp-content\/uploads\/2022\/04\/Selfie-Kampagne-Homepage-768x768.jpg 768w, https:\/\/www.weltladen-heidelberg.de\/wp-content\/uploads\/2022\/04\/Selfie-Kampagne-Homepage-100x100.jpg 100w, https:\/\/www.weltladen-heidelberg.de\/wp-content\/uploads\/2022\/04\/Selfie-Kampagne-Homepage-200x200.jpg 200w, https:\/\/www.weltladen-heidelberg.de\/wp-content\/uploads\/2022\/04\/Selfie-Kampagne-Homepage-450x450.jpg 450w, https:\/\/www.weltladen-heidelberg.de\/wp-content\/uploads\/2022\/04\/Selfie-Kampagne-Homepage-600x600.jpg 600w, https:\/\/www.weltladen-heidelberg.de\/wp-content\/uploads\/2022\/04\/Selfie-Kampagne-Homepage-900x900.jpg 900w, https:\/\/www.weltladen-heidelberg.de\/wp-content\/uploads\/2022\/04\/Selfie-Kampagne-Homepage.jpg 1080w\" sizes=\"auto, (max-width: 1024px) 100vw, 1024px\" \/><\/figure>\n<\/div>\n\n\n<div style=\"height:100px\" aria-hidden=\"true\" class=\"wp-block-spacer\"><\/div>\n\n\n\n<figure class=\"wp-block-gallery has-nested-images columns-default is-cropped wp-block-gallery-1 is-layout-flex wp-block-gallery-is-layout-flex\">\n<figure class=\"wp-block-image size-large\"><img loading=\"lazy\" decoding=\"async\" width=\"410\" height=\"493\" data-id=\"2444\" src=\"http:\/\/my.weltladen-heidelberg.de\/wp-content\/uploads\/2022\/04\/FREIGESTELLT_fashion-revolution-who-made-my-clothes-1.png\" alt=\"\" class=\"wp-image-2444\" srcset=\"https:\/\/www.weltladen-heidelberg.de\/wp-content\/uploads\/2022\/04\/FREIGESTELLT_fashion-revolution-who-made-my-clothes-1.png 410w, https:\/\/www.weltladen-heidelberg.de\/wp-content\/uploads\/2022\/04\/FREIGESTELLT_fashion-revolution-who-made-my-clothes-1-300x361.png 300w, https:\/\/www.weltladen-heidelberg.de\/wp-content\/uploads\/2022\/04\/FREIGESTELLT_fashion-revolution-who-made-my-clothes-1-100x120.png 100w, https:\/\/www.weltladen-heidelberg.de\/wp-content\/uploads\/2022\/04\/FREIGESTELLT_fashion-revolution-who-made-my-clothes-1-150x180.png 150w, https:\/\/www.weltladen-heidelberg.de\/wp-content\/uploads\/2022\/04\/FREIGESTELLT_fashion-revolution-who-made-my-clothes-1-200x240.png 200w\" sizes=\"auto, (max-width: 410px) 100vw, 410px\" \/><\/figure>\n\n\n\n<figure class=\"wp-block-image size-large\"><img loading=\"lazy\" decoding=\"async\" width=\"840\" height=\"1024\" data-id=\"2449\" src=\"http:\/\/my.weltladen-heidelberg.de\/wp-content\/uploads\/2022\/04\/Who_made_my_clothes_Lena_Geisel_Frings_Weltladen_Heidelberg-840x1024.jpg\" alt=\"\" class=\"wp-image-2449\" srcset=\"https:\/\/www.weltladen-heidelberg.de\/wp-content\/uploads\/2022\/04\/Who_made_my_clothes_Lena_Geisel_Frings_Weltladen_Heidelberg-840x1024.jpg 840w, https:\/\/www.weltladen-heidelberg.de\/wp-content\/uploads\/2022\/04\/Who_made_my_clothes_Lena_Geisel_Frings_Weltladen_Heidelberg-300x366.jpg 300w, https:\/\/www.weltladen-heidelberg.de\/wp-content\/uploads\/2022\/04\/Who_made_my_clothes_Lena_Geisel_Frings_Weltladen_Heidelberg-768x937.jpg 768w, https:\/\/www.weltladen-heidelberg.de\/wp-content\/uploads\/2022\/04\/Who_made_my_clothes_Lena_Geisel_Frings_Weltladen_Heidelberg-1259x1536.jpg 1259w, https:\/\/www.weltladen-heidelberg.de\/wp-content\/uploads\/2022\/04\/Who_made_my_clothes_Lena_Geisel_Frings_Weltladen_Heidelberg-1679x2048.jpg 1679w, https:\/\/www.weltladen-heidelberg.de\/wp-content\/uploads\/2022\/04\/Who_made_my_clothes_Lena_Geisel_Frings_Weltladen_Heidelberg-100x122.jpg 100w, https:\/\/www.weltladen-heidelberg.de\/wp-content\/uploads\/2022\/04\/Who_made_my_clothes_Lena_Geisel_Frings_Weltladen_Heidelberg-150x183.jpg 150w, https:\/\/www.weltladen-heidelberg.de\/wp-content\/uploads\/2022\/04\/Who_made_my_clothes_Lena_Geisel_Frings_Weltladen_Heidelberg-200x244.jpg 200w, https:\/\/www.weltladen-heidelberg.de\/wp-content\/uploads\/2022\/04\/Who_made_my_clothes_Lena_Geisel_Frings_Weltladen_Heidelberg-450x549.jpg 450w, https:\/\/www.weltladen-heidelberg.de\/wp-content\/uploads\/2022\/04\/Who_made_my_clothes_Lena_Geisel_Frings_Weltladen_Heidelberg-600x732.jpg 600w, https:\/\/www.weltladen-heidelberg.de\/wp-content\/uploads\/2022\/04\/Who_made_my_clothes_Lena_Geisel_Frings_Weltladen_Heidelberg-900x1098.jpg 900w\" sizes=\"auto, (max-width: 840px) 100vw, 840px\" \/><\/figure>\n<\/figure>\n\n\n\n<p><\/p>\n\n\n<div class=\"wp-block-image\">\n<figure class=\"aligncenter size-large\"><img loading=\"lazy\" decoding=\"async\" width=\"1024\" height=\"1024\" src=\"http:\/\/my.weltladen-heidelberg.de\/wp-content\/uploads\/2022\/02\/Aushang-Ehrenamtliches-Engagement-1024x1024.png\" alt=\"\" class=\"wp-image-2377\" srcset=\"https:\/\/www.weltladen-heidelberg.de\/wp-content\/uploads\/2022\/02\/Aushang-Ehrenamtliches-Engagement-1024x1024.png 1024w, https:\/\/www.weltladen-heidelberg.de\/wp-content\/uploads\/2022\/02\/Aushang-Ehrenamtliches-Engagement-300x300.png 300w, https:\/\/www.weltladen-heidelberg.de\/wp-content\/uploads\/2022\/02\/Aushang-Ehrenamtliches-Engagement-150x150.png 150w, https:\/\/www.weltladen-heidelberg.de\/wp-content\/uploads\/2022\/02\/Aushang-Ehrenamtliches-Engagement-768x768.png 768w, https:\/\/www.weltladen-heidelberg.de\/wp-content\/uploads\/2022\/02\/Aushang-Ehrenamtliches-Engagement-1536x1536.png 1536w, https:\/\/www.weltladen-heidelberg.de\/wp-content\/uploads\/2022\/02\/Aushang-Ehrenamtliches-Engagement-100x100.png 100w, https:\/\/www.weltladen-heidelberg.de\/wp-content\/uploads\/2022\/02\/Aushang-Ehrenamtliches-Engagement-200x200.png 200w, https:\/\/www.weltladen-heidelberg.de\/wp-content\/uploads\/2022\/02\/Aushang-Ehrenamtliches-Engagement-450x450.png 450w, https:\/\/www.weltladen-heidelberg.de\/wp-content\/uploads\/2022\/02\/Aushang-Ehrenamtliches-Engagement-600x600.png 600w, https:\/\/www.weltladen-heidelberg.de\/wp-content\/uploads\/2022\/02\/Aushang-Ehrenamtliches-Engagement-900x900.png 900w, https:\/\/www.weltladen-heidelberg.de\/wp-content\/uploads\/2022\/02\/Aushang-Ehrenamtliches-Engagement.png 1654w\" sizes=\"auto, (max-width: 1024px) 100vw, 1024px\" \/><\/figure>\n<\/div>","protected":false},"excerpt":{"rendered":"<p>Who made my clothes? Wer hat eigentlich unsere Kleidung gemacht? Vom 18. &#8211; 27.&nbsp;April findet in Heidelberg die Fashion Revolution Week&nbsp; statt. Koordiniert vom Weltladen Heidelberg, informiert die globale Aktionswoche \u00fcber soziale und \u00f6kologische Folgen der Textilindustrie und fordert grundlegende &hellip;<\/p>\n<p class=\"read-more\"> <a class=\"more-link\" href=\"https:\/\/www.weltladen-heidelberg.de\/?page_id=2387\"> <span class=\"screen-reader-text\">Fashion Revolution 18. &#8211; 27. April 2022<\/span> Read More &raquo;<\/a><\/p>\n","protected":false},"author":1,"featured_media":0,"parent":2600,"menu_order":21,"comment_status":"closed","ping_status":"closed","template":"full-width-page.php","meta":{"footnotes":""},"class_list":["post-2387","page","type-page","status-publish","hentry"],"_links":{"self":[{"href":"https:\/\/www.weltladen-heidelberg.de\/index.php?rest_route=\/wp\/v2\/pages\/2387","targetHints":{"allow":["GET"]}}],"collection":[{"href":"https:\/\/www.weltladen-heidelberg.de\/index.php?rest_route=\/wp\/v2\/pages"}],"about":[{"href":"https:\/\/www.weltladen-heidelberg.de\/index.php?rest_route=\/wp\/v2\/types\/page"}],"author":[{"embeddable":true,"href":"https:\/\/www.weltladen-heidelberg.de\/index.php?rest_route=\/wp\/v2\/users\/1"}],"replies":[{"embeddable":true,"href":"https:\/\/www.weltladen-heidelberg.de\/index.php?rest_route=%2Fwp%2Fv2%2Fcomments&post=2387"}],"version-history":[{"count":17,"href":"https:\/\/www.weltladen-heidelberg.de\/index.php?rest_route=\/wp\/v2\/pages\/2387\/revisions"}],"predecessor-version":[{"id":2602,"href":"https:\/\/www.weltladen-heidelberg.de\/index.php?rest_route=\/wp\/v2\/pages\/2387\/revisions\/2602"}],"up":[{"embeddable":true,"href":"https:\/\/www.weltladen-heidelberg.de\/index.php?rest_route=\/wp\/v2\/pages\/2600"}],"wp:attachment":[{"href":"https:\/\/www.weltladen-heidelberg.de\/index.php?rest_route=%2Fwp%2Fv2%2Fmedia&parent=2387"}],"curies":[{"name":"wp","href":"https:\/\/api.w.org\/{rel}","templated":true}]}}