{"id":22,"date":"2010-12-10T21:57:25","date_gmt":"2010-12-10T21:57:25","guid":{"rendered":"http:\/\/my.weltladen-heidelberg.de\/?page_id=22"},"modified":"2025-05-13T15:27:21","modified_gmt":"2025-05-13T15:27:21","slug":"themenkoffer","status":"publish","type":"page","link":"https:\/\/www.weltladen-heidelberg.de\/?page_id=22","title":{"rendered":"Bildungskoffer ausleihen"},"content":{"rendered":"<p>Wir verleihen verschiedene Materialien zur eigenen Gestaltung von Gruppenangeboten zu Themen globaler Gerechtigkeit.<\/p>\n<p>Kontaktieren Sie bei Fragen unsere Bildungsreferentin:<\/p>\n<p>Lena Geisel-Frings<\/p>\n<p>bildung@weltladen-heidelberg.de<\/p>\n<h3>&nbsp;<\/h3>\n<h3><strong>Bildungskoffer<\/strong><\/h3>\n<p>Die Bildungskoffer befinden sich im Weltladen Altstadt in der Heugasse 2. Sie k\u00f6nnen die Materialien dort sichten und auch reservieren. F\u00fcr den Verleih erheben wir eine geringe Geb\u00fchr von 5 Euro pro Woche.<\/p>\n<ul>\n<li>Indien (<a href=\"http:\/\/my.weltladen-heidelberg.de\/wp-content\/uploads\/2021\/07\/Koffer_Indien_Inhalt.pdf\">Inhalt<\/a>)<\/li>\n<li>Fairer Handel (<a href=\"http:\/\/my.weltladen-heidelberg.de\/wp-content\/uploads\/2020\/07\/Koffer_Fairer-Handel_Inhalt.pdf\">Inhalt<\/a>)<\/li>\n<li>Kakao (<a href=\"http:\/\/my.weltladen-heidelberg.de\/wp-content\/uploads\/2020\/07\/Koffer_Kakao_Inhalt.pdf\">Inhalt<\/a>)<\/li>\n<li>Bananen (<a href=\"http:\/\/my.weltladen-heidelberg.de\/wp-content\/uploads\/2020\/07\/Koffer_Bananen_Inhalt.pdf\">Inhalt<\/a>)<\/li>\n<li>Handy (<a href=\"http:\/\/my.weltladen-heidelberg.de\/wp-content\/uploads\/2021\/12\/Inhaltsliste-Handykoffer.pdf\">Inhalt<\/a>)<\/li>\n<\/ul>\n\n\n<div class=\"wp-block-media-text alignwide is-stacked-on-mobile\"><figure class=\"wp-block-media-text__media\"><img loading=\"lazy\" decoding=\"async\" width=\"960\" height=\"720\" src=\"http:\/\/my.weltladen-heidelberg.de\/wp-content\/uploads\/2021\/06\/Bildungstasche-Globales-Lernen.jpg\" alt=\"\" class=\"wp-image-2213 size-full\" srcset=\"https:\/\/www.weltladen-heidelberg.de\/wp-content\/uploads\/2021\/06\/Bildungstasche-Globales-Lernen.jpg 960w, https:\/\/www.weltladen-heidelberg.de\/wp-content\/uploads\/2021\/06\/Bildungstasche-Globales-Lernen-300x225.jpg 300w, https:\/\/www.weltladen-heidelberg.de\/wp-content\/uploads\/2021\/06\/Bildungstasche-Globales-Lernen-768x576.jpg 768w, https:\/\/www.weltladen-heidelberg.de\/wp-content\/uploads\/2021\/06\/Bildungstasche-Globales-Lernen-100x75.jpg 100w, https:\/\/www.weltladen-heidelberg.de\/wp-content\/uploads\/2021\/06\/Bildungstasche-Globales-Lernen-150x113.jpg 150w, https:\/\/www.weltladen-heidelberg.de\/wp-content\/uploads\/2021\/06\/Bildungstasche-Globales-Lernen-200x150.jpg 200w, https:\/\/www.weltladen-heidelberg.de\/wp-content\/uploads\/2021\/06\/Bildungstasche-Globales-Lernen-450x338.jpg 450w, https:\/\/www.weltladen-heidelberg.de\/wp-content\/uploads\/2021\/06\/Bildungstasche-Globales-Lernen-600x450.jpg 600w, https:\/\/www.weltladen-heidelberg.de\/wp-content\/uploads\/2021\/06\/Bildungstasche-Globales-Lernen-900x675.jpg 900w\" sizes=\"auto, (max-width: 960px) 100vw, 960px\" \/><\/figure><div class=\"wp-block-media-text__content\">\n<pre class=\"wp-block-preformatted\">Globales Lernen f\u00fcr KiTa und Grundschule (<a href=\"http:\/\/my.weltladen-heidelberg.de\/wp-content\/uploads\/2021\/07\/Inhalt-Bildungstasche-Globales-Lernen-fuer-KiTa-und-Grundschule.pdf\">Inhalt<\/a>)<\/pre>\n<\/div><\/div>\n\n\n\n<div class=\"wp-block-media-text alignwide has-media-on-the-right is-stacked-on-mobile\"><figure class=\"wp-block-media-text__media\"><img loading=\"lazy\" decoding=\"async\" width=\"775\" height=\"1024\" src=\"http:\/\/my.weltladen-heidelberg.de\/wp-content\/uploads\/2020\/12\/Bild1-775x1024.png\" alt=\"\" class=\"wp-image-2200 size-full\" srcset=\"https:\/\/www.weltladen-heidelberg.de\/wp-content\/uploads\/2020\/12\/Bild1-775x1024.png 775w, https:\/\/www.weltladen-heidelberg.de\/wp-content\/uploads\/2020\/12\/Bild1-300x397.png 300w, https:\/\/www.weltladen-heidelberg.de\/wp-content\/uploads\/2020\/12\/Bild1-768x1015.png 768w, https:\/\/www.weltladen-heidelberg.de\/wp-content\/uploads\/2020\/12\/Bild1-100x132.png 100w, https:\/\/www.weltladen-heidelberg.de\/wp-content\/uploads\/2020\/12\/Bild1-150x198.png 150w, https:\/\/www.weltladen-heidelberg.de\/wp-content\/uploads\/2020\/12\/Bild1-200x264.png 200w, https:\/\/www.weltladen-heidelberg.de\/wp-content\/uploads\/2020\/12\/Bild1-450x595.png 450w, https:\/\/www.weltladen-heidelberg.de\/wp-content\/uploads\/2020\/12\/Bild1-600x793.png 600w, https:\/\/www.weltladen-heidelberg.de\/wp-content\/uploads\/2020\/12\/Bild1.png 851w\" sizes=\"auto, (max-width: 775px) 100vw, 775px\" \/><\/figure><div class=\"wp-block-media-text__content\">\n<pre class=\"wp-block-preformatted\">Nachhaltige Ern\u00e4hrung (<a href=\"http:\/\/my.weltladen-heidelberg.de\/wp-content\/uploads\/2021\/04\/Inhalt-nachhaltige-Ernaehrung.pdf\">Inhalt<\/a>)<\/pre>\n\n\n\n<p><\/p>\n<\/div><\/div>\n\n\n\n<div class=\"wp-block-file\"><a id=\"wp-block-file--media-8e38cfd0-5e85-49c9-92dd-00b4354e2f04\" href=\"http:\/\/my.weltladen-heidelberg.de\/wp-content\/uploads\/2020\/12\/Traumreise.mp3\"><br><br><strong>Vertonte Traumreise \u201eEine Phantasiereise in das Land des Kakaos\u201c<br><\/strong><br>Unsere vertonte Traumreise bringt Kinder in das Land des Kakaos, die Elfenbeink\u00fcste, und veranschaulicht, wie Kakao dort angebaut und geerntet wird. Sie eignet sich f\u00fcr Kinder jeglichen Alters und kann in Schulen, Kinderg\u00e4rten, Jugendgruppen oder auch privat verwendet werden. Viel Spa\u00df und eine gute Reise!<br><br>Traumreise<\/a><a href=\"http:\/\/my.weltladen-heidelberg.de\/wp-content\/uploads\/2020\/12\/Traumreise.mp3\" class=\"wp-block-file__button\" download aria-describedby=\"wp-block-file--media-8e38cfd0-5e85-49c9-92dd-00b4354e2f04\">Herunterladen<\/a><\/div>\n\n\n\n<p>*Diese Geschichte basiert auf dem Text &#8222;Reise nach Afrika&#8220; von Fair Trade e.V. und deren Mitgliedern. Vertonung: Melanie Kempf; Musik: Pride of Africa von Prysmal<\/p>\n\n\n\n<p><strong>Gro\u00dfe Weltkarte entleihbar! <\/strong> <\/p>\n\n\n\n<div class=\"wp-block-media-text alignwide is-stacked-on-mobile\"><figure class=\"wp-block-media-text__media\"><img loading=\"lazy\" decoding=\"async\" width=\"1017\" height=\"682\" src=\"http:\/\/my.weltladen-heidelberg.de\/wp-content\/uploads\/2021\/07\/Bild1-2.png\" alt=\"\" class=\"wp-image-2251 size-full\" srcset=\"https:\/\/www.weltladen-heidelberg.de\/wp-content\/uploads\/2021\/07\/Bild1-2.png 1017w, https:\/\/www.weltladen-heidelberg.de\/wp-content\/uploads\/2021\/07\/Bild1-2-300x201.png 300w, https:\/\/www.weltladen-heidelberg.de\/wp-content\/uploads\/2021\/07\/Bild1-2-768x515.png 768w, https:\/\/www.weltladen-heidelberg.de\/wp-content\/uploads\/2021\/07\/Bild1-2-100x67.png 100w, https:\/\/www.weltladen-heidelberg.de\/wp-content\/uploads\/2021\/07\/Bild1-2-150x101.png 150w, https:\/\/www.weltladen-heidelberg.de\/wp-content\/uploads\/2021\/07\/Bild1-2-200x134.png 200w, https:\/\/www.weltladen-heidelberg.de\/wp-content\/uploads\/2021\/07\/Bild1-2-450x302.png 450w, https:\/\/www.weltladen-heidelberg.de\/wp-content\/uploads\/2021\/07\/Bild1-2-600x402.png 600w, https:\/\/www.weltladen-heidelberg.de\/wp-content\/uploads\/2021\/07\/Bild1-2-900x604.png 900w\" sizes=\"auto, (max-width: 1017px) 100vw, 1017px\" \/><\/figure><div class=\"wp-block-media-text__content\">\n<pre class=\"wp-block-verse\">Die 2x4m gro\u00dfe PVC-Banner Weltkarte von Antarktisverlag kann im Bildungsb\u00fcro (Willy-Brandt-Platz 5, HD) ausgeliehen werden. <\/pre>\n<\/div><\/div>\n\n\n\n<p><\/p>\n","protected":false},"excerpt":{"rendered":"<p>Wir verleihen verschiedene Materialien zur eigenen Gestaltung von Gruppenangeboten zu Themen globaler Gerechtigkeit. Kontaktieren Sie bei Fragen unsere Bildungsreferentin: Lena Geisel-Frings bildung@weltladen-heidelberg.de &nbsp; Bildungskoffer Die Bildungskoffer befinden sich im Weltladen Altstadt in der Heugasse 2. Sie k\u00f6nnen die Materialien dort &hellip;<\/p>\n<p class=\"read-more\"> <a class=\"more-link\" href=\"https:\/\/www.weltladen-heidelberg.de\/?page_id=22\"> <span class=\"screen-reader-text\">Bildungskoffer ausleihen<\/span> Read More &raquo;<\/a><\/p>\n","protected":false},"author":1,"featured_media":0,"parent":18,"menu_order":3,"comment_status":"closed","ping_status":"closed","template":"full-width-page.php","meta":{"footnotes":""},"class_list":["post-22","page","type-page","status-publish","hentry"],"_links":{"self":[{"href":"https:\/\/www.weltladen-heidelberg.de\/index.php?rest_route=\/wp\/v2\/pages\/22","targetHints":{"allow":["GET"]}}],"collection":[{"href":"https:\/\/www.weltladen-heidelberg.de\/index.php?rest_route=\/wp\/v2\/pages"}],"about":[{"href":"https:\/\/www.weltladen-heidelberg.de\/index.php?rest_route=\/wp\/v2\/types\/page"}],"author":[{"embeddable":true,"href":"https:\/\/www.weltladen-heidelberg.de\/index.php?rest_route=\/wp\/v2\/users\/1"}],"replies":[{"embeddable":true,"href":"https:\/\/www.weltladen-heidelberg.de\/index.php?rest_route=%2Fwp%2Fv2%2Fcomments&post=22"}],"version-history":[{"count":39,"href":"https:\/\/www.weltladen-heidelberg.de\/index.php?rest_route=\/wp\/v2\/pages\/22\/revisions"}],"predecessor-version":[{"id":2927,"href":"https:\/\/www.weltladen-heidelberg.de\/index.php?rest_route=\/wp\/v2\/pages\/22\/revisions\/2927"}],"up":[{"embeddable":true,"href":"https:\/\/www.weltladen-heidelberg.de\/index.php?rest_route=\/wp\/v2\/pages\/18"}],"wp:attachment":[{"href":"https:\/\/www.weltladen-heidelberg.de\/index.php?rest_route=%2Fwp%2Fv2%2Fmedia&parent=22"}],"curies":[{"name":"wp","href":"https:\/\/api.w.org\/{rel}","templated":true}]}}