{"id":2057,"date":"2019-04-17T19:58:48","date_gmt":"2019-04-17T19:58:48","guid":{"rendered":"http:\/\/my.weltladen-heidelberg.de\/?page_id=2057"},"modified":"2021-12-02T10:43:58","modified_gmt":"2021-12-02T10:43:58","slug":"infos-fuer-kinder-und-jugendliche","status":"publish","type":"page","link":"https:\/\/www.weltladen-heidelberg.de\/?page_id=2057","title":{"rendered":"Infos f\u00fcr Kinder und Jugendliche"},"content":{"rendered":"<p><span style=\"font-family: Arial, serif;\"><span style=\"font-size: x-large;\"><span lang=\"de-DE\"><b>Infoseiten:<\/b><\/span><\/span><\/span><\/p>\n<p><span style=\"font-family: Arial, serif;\"><span lang=\"de-DE\"><b>Kritischer Konsum<\/b><\/span><\/span><\/p>\n<p><a href=\"https:\/\/www.kritischerkonsum.de\/?L=0\" target=\"_blank\" rel=\"attachment wp-att-2064 noopener\"><img loading=\"lazy\" decoding=\"async\" class=\"size-large wp-image-2064 alignnone\" src=\"http:\/\/my.weltladen-heidelberg.de\/wp-content\/uploads\/2019\/04\/kritischer_konsum-1024x386.png\" alt=\"kritischer_konsum\" width=\"605\" height=\"228\" srcset=\"https:\/\/www.weltladen-heidelberg.de\/wp-content\/uploads\/2019\/04\/kritischer_konsum-1024x386.png 1024w, https:\/\/www.weltladen-heidelberg.de\/wp-content\/uploads\/2019\/04\/kritischer_konsum-300x113.png 300w, https:\/\/www.weltladen-heidelberg.de\/wp-content\/uploads\/2019\/04\/kritischer_konsum-768x290.png 768w, https:\/\/www.weltladen-heidelberg.de\/wp-content\/uploads\/2019\/04\/kritischer_konsum-100x38.png 100w, https:\/\/www.weltladen-heidelberg.de\/wp-content\/uploads\/2019\/04\/kritischer_konsum-150x57.png 150w, https:\/\/www.weltladen-heidelberg.de\/wp-content\/uploads\/2019\/04\/kritischer_konsum-200x75.png 200w, https:\/\/www.weltladen-heidelberg.de\/wp-content\/uploads\/2019\/04\/kritischer_konsum-450x170.png 450w, https:\/\/www.weltladen-heidelberg.de\/wp-content\/uploads\/2019\/04\/kritischer_konsum-600x226.png 600w, https:\/\/www.weltladen-heidelberg.de\/wp-content\/uploads\/2019\/04\/kritischer_konsum-900x339.png 900w, https:\/\/www.weltladen-heidelberg.de\/wp-content\/uploads\/2019\/04\/kritischer_konsum.png 1474w\" sizes=\"auto, (max-width: 605px) 100vw, 605px\" \/><\/a><\/p>\n<p><span style=\"font-family: Arial, serif;\"><span lang=\"de-DE\">Link: <\/span><\/span><span style=\"color: #0000ff;\"><u><a href=\"https:\/\/www.kritischerkonsum.de\/?L=0\"><span style=\"font-family: Arial, serif;\"><span lang=\"de-DE\">Kritischer Konsum<\/span><\/span><\/a><\/u><\/span><\/p>\n<p><span style=\"font-family: Arial, serif;\"><span lang=\"de-DE\">Mobilit\u00e4t, Ern\u00e4hrung, Elektrik, Energie \u2013 All das sind Themen des kritischen Konsums, mit denen wir uns t\u00e4glich besch\u00e4ftigen. Sei es die Entscheidung, wie man den Weg zur Arbeit, Schule oder zur Universit\u00e4t bestreitet. Sei es die Entscheidung zuk\u00fcnftig weniger Fleisch zu verzehren oder bewusst nach regionalen und saisonalen Kriterien zu ern\u00e4hren. <\/span><\/span><\/p>\n<p><span style=\"font-family: Arial, serif;\"><span lang=\"de-DE\">Du kannst dich daf\u00fcr einsetzen die Welt besser zu machen. Denn ein unbewusster Konsum hat negative Auswirkungen und Folgen hinsichtlich unserer Nachhaltigkeit.<\/span><\/span><\/p>\n<p><span style=\"font-family: Arial, serif;\"><span lang=\"de-DE\">Auf der Seite des BDKJ kannst du dich \u00fcber diese Themen informieren und bekommst Tipps f\u00fcr einen bewussten Konsum, der Spa\u00df macht und die Welt ver\u00e4ndert.<\/span><\/span><\/p>\n<p><span style=\"font-family: Arial, serif;\"><span lang=\"de-DE\"><b>Eine Welt blabla<\/b><\/span><\/span><\/p>\n<p><a href=\"https:\/\/eineweltblabla.de\/\" target=\"_blank\" rel=\"attachment wp-att-2061 noopener\"><img loading=\"lazy\" decoding=\"async\" class=\"size-large wp-image-2061 alignnone\" src=\"http:\/\/my.weltladen-heidelberg.de\/wp-content\/uploads\/2019\/04\/blabla-1024x257.png\" alt=\"blabla\" width=\"605\" height=\"152\" srcset=\"https:\/\/www.weltladen-heidelberg.de\/wp-content\/uploads\/2019\/04\/blabla-1024x257.png 1024w, https:\/\/www.weltladen-heidelberg.de\/wp-content\/uploads\/2019\/04\/blabla-300x75.png 300w, https:\/\/www.weltladen-heidelberg.de\/wp-content\/uploads\/2019\/04\/blabla-768x193.png 768w, https:\/\/www.weltladen-heidelberg.de\/wp-content\/uploads\/2019\/04\/blabla-100x25.png 100w, https:\/\/www.weltladen-heidelberg.de\/wp-content\/uploads\/2019\/04\/blabla-150x38.png 150w, https:\/\/www.weltladen-heidelberg.de\/wp-content\/uploads\/2019\/04\/blabla-200x50.png 200w, https:\/\/www.weltladen-heidelberg.de\/wp-content\/uploads\/2019\/04\/blabla-450x113.png 450w, https:\/\/www.weltladen-heidelberg.de\/wp-content\/uploads\/2019\/04\/blabla-600x151.png 600w, https:\/\/www.weltladen-heidelberg.de\/wp-content\/uploads\/2019\/04\/blabla-900x226.png 900w, https:\/\/www.weltladen-heidelberg.de\/wp-content\/uploads\/2019\/04\/blabla.png 1084w\" sizes=\"auto, (max-width: 605px) 100vw, 605px\" \/><\/a><\/p>\n<p><span style=\"font-family: Arial, serif;\"><span lang=\"de-DE\">Link: <\/span><\/span><span style=\"color: #0000ff;\"><u><a href=\"https:\/\/eineweltblabla.de\/\"><span style=\"font-family: Arial, serif;\"><span lang=\"de-DE\">eineweltblabla<\/span><\/span><\/a><\/u><\/span><\/p>\n<p><span style=\"font-family: Arial, serif;\"><span lang=\"de-DE\">Sei immer up to date was in der Welt passiert! <\/span><\/span><span style=\"font-family: Arial, serif;\">Fridays For Future, Plastikfreie St\u00e4dte, Degrowth-Aktionen, \u2026 <\/span><span style=\"font-family: Arial, serif;\"><span lang=\"de-DE\">Eine Welt blabla berichtet \u00fcber spannende Themen die dich mit der Welt verbinden.<\/span><\/span><\/p>\n<p><span style=\"font-family: Arial, serif;\"><span lang=\"de-DE\"><b>Jugend handelt fair<\/b><\/span><\/span><\/p>\n<p><span style=\"font-family: Arial, serif;\"><span lang=\"de-DE\"><b><a href=\"http:\/\/jugendhandeltfair.de\/\" target=\"_blank\" rel=\"attachment wp-att-2063 noopener\"><img loading=\"lazy\" decoding=\"async\" class=\"size-medium wp-image-2063 alignleft\" src=\"http:\/\/my.weltladen-heidelberg.de\/wp-content\/uploads\/2019\/04\/jugend_handelt_fair-300x169.jpg\" alt=\"jugend_handelt_fair\" width=\"300\" height=\"169\" srcset=\"https:\/\/www.weltladen-heidelberg.de\/wp-content\/uploads\/2019\/04\/jugend_handelt_fair-300x169.jpg 300w, https:\/\/www.weltladen-heidelberg.de\/wp-content\/uploads\/2019\/04\/jugend_handelt_fair-768x432.jpg 768w, https:\/\/www.weltladen-heidelberg.de\/wp-content\/uploads\/2019\/04\/jugend_handelt_fair-100x56.jpg 100w, https:\/\/www.weltladen-heidelberg.de\/wp-content\/uploads\/2019\/04\/jugend_handelt_fair-150x84.jpg 150w, https:\/\/www.weltladen-heidelberg.de\/wp-content\/uploads\/2019\/04\/jugend_handelt_fair-200x113.jpg 200w, https:\/\/www.weltladen-heidelberg.de\/wp-content\/uploads\/2019\/04\/jugend_handelt_fair-450x253.jpg 450w, https:\/\/www.weltladen-heidelberg.de\/wp-content\/uploads\/2019\/04\/jugend_handelt_fair-600x338.jpg 600w, https:\/\/www.weltladen-heidelberg.de\/wp-content\/uploads\/2019\/04\/jugend_handelt_fair.jpg 880w\" sizes=\"auto, (max-width: 300px) 100vw, 300px\" \/><\/a><\/b><\/span><\/span><\/p>\n<p><span style=\"font-family: Arial, serif;\"><span lang=\"de-DE\">Link: <\/span><\/span><span style=\"color: #0000ff;\"><u><a href=\"http:\/\/jugendhandeltfair.de\/\"><span style=\"font-family: Arial, serif;\"><span lang=\"de-DE\">Jugend handelt fair<\/span><\/span><\/a><\/u><\/span><\/p>\n<p><span style=\"font-family: Arial, serif;\"><span lang=\"de-DE\">Wie funktioniert fairer Handel? Wie erkennt man die Produkte? Und was kannst du f\u00fcr Fairen Handel tun? All diese Fragen werden auf der Internetseite gekl\u00e4rt.<\/span><\/span><\/p>\n<p>&nbsp;<\/p>\n<p>&nbsp;<\/p>\n<p>&nbsp;<\/p>\n<p><span style=\"font-family: Arial, serif;\"><span style=\"font-size: x-large;\"><span lang=\"de-DE\"><b>Clips:<\/b><\/span><\/span><\/span><\/p>\n<p><span style=\"font-family: Arial, serif;\"><span lang=\"de-DE\"><b>Fair Trade kurz erkl\u00e4rt: Was ist Fairer Handel?<\/b><\/span><\/span><\/p>\n<p><a href=\"https:\/\/www.youtube.com\/watch?v=T24rrtcdSb4\" target=\"_blank\" rel=\"attachment wp-att-2062 noopener\"><img loading=\"lazy\" decoding=\"async\" class=\"size-large wp-image-2062 alignnone\" src=\"http:\/\/my.weltladen-heidelberg.de\/wp-content\/uploads\/2019\/04\/clip-1024x576.png\" alt=\"clip\" width=\"605\" height=\"340\" srcset=\"https:\/\/www.weltladen-heidelberg.de\/wp-content\/uploads\/2019\/04\/clip-1024x576.png 1024w, https:\/\/www.weltladen-heidelberg.de\/wp-content\/uploads\/2019\/04\/clip-300x169.png 300w, https:\/\/www.weltladen-heidelberg.de\/wp-content\/uploads\/2019\/04\/clip-768x432.png 768w, https:\/\/www.weltladen-heidelberg.de\/wp-content\/uploads\/2019\/04\/clip-100x56.png 100w, https:\/\/www.weltladen-heidelberg.de\/wp-content\/uploads\/2019\/04\/clip-150x84.png 150w, https:\/\/www.weltladen-heidelberg.de\/wp-content\/uploads\/2019\/04\/clip-200x112.png 200w, https:\/\/www.weltladen-heidelberg.de\/wp-content\/uploads\/2019\/04\/clip-450x253.png 450w, https:\/\/www.weltladen-heidelberg.de\/wp-content\/uploads\/2019\/04\/clip-600x337.png 600w, https:\/\/www.weltladen-heidelberg.de\/wp-content\/uploads\/2019\/04\/clip-900x506.png 900w, https:\/\/www.weltladen-heidelberg.de\/wp-content\/uploads\/2019\/04\/clip.png 1474w\" sizes=\"auto, (max-width: 605px) 100vw, 605px\" \/><\/a><\/p>\n<p><span style=\"font-family: Arial, serif;\"><span lang=\"de-DE\">Link: <\/span><\/span><span style=\"color: #0000ff;\"><u><a href=\"https:\/\/www.youtube.com\/watch?v=T24rrtcdSb4\"><span style=\"font-family: Arial, serif;\"><span lang=\"de-DE\">Fairer Handel kurz erkl\u00e4rt<\/span><\/span><\/a><\/u><\/span><\/p>\n<p><span style=\"font-family: Arial, serif;\"><span lang=\"de-DE\">Fair Trade steht nicht nur f\u00fcr den Einkauf von fairen Produkten, sondern auch f\u00fcr eine globale politische Bewegung, die f\u00fcr mehr Gerechtigkeit im Handel eintritt. Was sonst noch hinter dem Begriff &#8222;Fairer Handel&#8220; steckt, wird dir in diesem dreimin\u00fctigen Video erkl\u00e4rt. Das Forum Fairer Handel hat viele weitere Informationen f\u00fcr dich.<\/span><\/span><\/p>\n<p><span style=\"font-family: Arial, serif;\"><span lang=\"de-DE\"><b>Fair Trade \u2013 Was bedeutet gerechter Handel?<\/b><\/span><\/span><\/p>\n<p><a href=\"https:\/\/kinder.wdr.de\/tv\/neuneinhalb\/av\/video-fair-trade--was-bedeutet-gerechter-handel-102.html\" target=\"_blank\" rel=\"attachment wp-att-2065 noopener\"><img loading=\"lazy\" decoding=\"async\" class=\"size-large wp-image-2065 alignnone\" src=\"http:\/\/my.weltladen-heidelberg.de\/wp-content\/uploads\/2019\/04\/neuneinhalb-1024x572.png\" alt=\"neuneinhalb\" width=\"605\" height=\"338\" srcset=\"https:\/\/www.weltladen-heidelberg.de\/wp-content\/uploads\/2019\/04\/neuneinhalb-1024x572.png 1024w, https:\/\/www.weltladen-heidelberg.de\/wp-content\/uploads\/2019\/04\/neuneinhalb-300x168.png 300w, https:\/\/www.weltladen-heidelberg.de\/wp-content\/uploads\/2019\/04\/neuneinhalb-768x429.png 768w, https:\/\/www.weltladen-heidelberg.de\/wp-content\/uploads\/2019\/04\/neuneinhalb-100x56.png 100w, https:\/\/www.weltladen-heidelberg.de\/wp-content\/uploads\/2019\/04\/neuneinhalb-150x84.png 150w, https:\/\/www.weltladen-heidelberg.de\/wp-content\/uploads\/2019\/04\/neuneinhalb-200x112.png 200w, https:\/\/www.weltladen-heidelberg.de\/wp-content\/uploads\/2019\/04\/neuneinhalb-450x251.png 450w, https:\/\/www.weltladen-heidelberg.de\/wp-content\/uploads\/2019\/04\/neuneinhalb-600x335.png 600w, https:\/\/www.weltladen-heidelberg.de\/wp-content\/uploads\/2019\/04\/neuneinhalb-900x503.png 900w, https:\/\/www.weltladen-heidelberg.de\/wp-content\/uploads\/2019\/04\/neuneinhalb.png 1361w\" sizes=\"auto, (max-width: 605px) 100vw, 605px\" \/><\/a><\/p>\n<p><span style=\"font-family: Arial, serif;\"><span lang=\"de-DE\">Link: <\/span><\/span><span style=\"color: #0000ff;\"><u><a href=\"https:\/\/kinder.wdr.de\/tv\/neuneinhalb\/av\/video-fair-trade--was-bedeutet-gerechter-handel-102.html\"><span style=\"font-family: Arial, serif;\"><span lang=\"de-DE\">neuneinhalb &#8211; Deine Reporter. Fair Trade Scouts<\/span><\/span><\/a><\/u><\/span><\/p>\n<p><span style=\"font-family: Arial, serif;\"><span lang=\"de-DE\">Was bedeutet Fairer Handel? Das will Reporterin Jana vom Pfadfinderstamm St. Michael aus Andernach erfahren. Die Jugendlichen besch\u00e4ftigen sich schon seit einiger Zeit mit dem Thema \u201egerechter Handel\u201c, denn sie wollen als \u201eFairtrade Scouts\u201c ausgezeichnet werden. Ob sie ihr Ziel erreichen? Und wie man mit einer fairen Banane oder fairer Schokolade f\u00fcr mehr Gerechtigkeit sorgen kann? <\/span><\/span><span style=\"font-family: Arial, serif;\">Das zeigt diese Folge von neuneinhalb!<\/span><\/p>\n<p><span style=\"font-family: Arial, serif;\"><span lang=\"de-DE\"><b>Erkl\u00e4rfilm: Teure Schn\u00e4ppchen<\/b><\/span><\/span><\/p>\n<p><a href=\"https:\/\/edeos.org\/projekte\/teure-schnaeppchen\/\" target=\"_blank\" rel=\"attachment wp-att-2066 noopener\"><img loading=\"lazy\" decoding=\"async\" class=\"size-large wp-image-2066 alignnone\" src=\"http:\/\/my.weltladen-heidelberg.de\/wp-content\/uploads\/2019\/04\/teure_schnaeppchen-1024x422.png\" alt=\"teure_schnaeppchen\" width=\"605\" height=\"249\" srcset=\"https:\/\/www.weltladen-heidelberg.de\/wp-content\/uploads\/2019\/04\/teure_schnaeppchen-1024x422.png 1024w, https:\/\/www.weltladen-heidelberg.de\/wp-content\/uploads\/2019\/04\/teure_schnaeppchen-300x124.png 300w, https:\/\/www.weltladen-heidelberg.de\/wp-content\/uploads\/2019\/04\/teure_schnaeppchen-768x317.png 768w, https:\/\/www.weltladen-heidelberg.de\/wp-content\/uploads\/2019\/04\/teure_schnaeppchen-100x41.png 100w, https:\/\/www.weltladen-heidelberg.de\/wp-content\/uploads\/2019\/04\/teure_schnaeppchen-150x62.png 150w, https:\/\/www.weltladen-heidelberg.de\/wp-content\/uploads\/2019\/04\/teure_schnaeppchen-200x82.png 200w, https:\/\/www.weltladen-heidelberg.de\/wp-content\/uploads\/2019\/04\/teure_schnaeppchen-450x186.png 450w, https:\/\/www.weltladen-heidelberg.de\/wp-content\/uploads\/2019\/04\/teure_schnaeppchen-600x247.png 600w, https:\/\/www.weltladen-heidelberg.de\/wp-content\/uploads\/2019\/04\/teure_schnaeppchen-900x371.png 900w, https:\/\/www.weltladen-heidelberg.de\/wp-content\/uploads\/2019\/04\/teure_schnaeppchen.png 1472w\" sizes=\"auto, (max-width: 605px) 100vw, 605px\" \/><\/a><\/p>\n<p><span style=\"font-family: Arial, serif;\"><span lang=\"de-DE\">Link: <\/span><\/span><span style=\"color: #0000ff;\"><u><a href=\"https:\/\/edeos.org\/projekte\/teure-schnaeppchen\/\"><span style=\"font-family: Arial, serif;\"><span lang=\"de-DE\">Video Teure Schn\u00e4ppchen<\/span><\/span><\/a><\/u><\/span><\/p>\n<p><span style=\"font-family: Arial, serif;\"><span lang=\"de-DE\">Was sind negative Externalit\u00e4ten? Dieses Erkl\u00e4rvideo zum Thema Konsum und Nachhaltigkeit erkl\u00e4rt das komplexe Thema&nbsp; einfach, lebensnah und spannend. Ist der Preis den wir f\u00fcr ein Produkt bezahlen realistisch? Und warum geht es der Welt so schlecht? Auf der Seite gibt es viele weitere Erkl\u00e4rvideos zu spannenden Themen.<\/span><\/span><\/p>\n","protected":false},"excerpt":{"rendered":"<p>Infoseiten: Kritischer Konsum Link: Kritischer Konsum Mobilit\u00e4t, Ern\u00e4hrung, Elektrik, Energie \u2013 All das sind Themen des kritischen Konsums, mit denen wir uns t\u00e4glich besch\u00e4ftigen. Sei es die Entscheidung, wie man den Weg zur Arbeit, Schule oder zur Universit\u00e4t bestreitet. Sei &hellip;<\/p>\n<p class=\"read-more\"> <a class=\"more-link\" href=\"https:\/\/www.weltladen-heidelberg.de\/?page_id=2057\"> <span class=\"screen-reader-text\">Infos f\u00fcr Kinder und Jugendliche<\/span> Read More &raquo;<\/a><\/p>\n","protected":false},"author":1,"featured_media":0,"parent":18,"menu_order":6,"comment_status":"closed","ping_status":"closed","template":"full-width-page.php","meta":{"footnotes":""},"class_list":["post-2057","page","type-page","status-publish","hentry"],"_links":{"self":[{"href":"https:\/\/www.weltladen-heidelberg.de\/index.php?rest_route=\/wp\/v2\/pages\/2057","targetHints":{"allow":["GET"]}}],"collection":[{"href":"https:\/\/www.weltladen-heidelberg.de\/index.php?rest_route=\/wp\/v2\/pages"}],"about":[{"href":"https:\/\/www.weltladen-heidelberg.de\/index.php?rest_route=\/wp\/v2\/types\/page"}],"author":[{"embeddable":true,"href":"https:\/\/www.weltladen-heidelberg.de\/index.php?rest_route=\/wp\/v2\/users\/1"}],"replies":[{"embeddable":true,"href":"https:\/\/www.weltladen-heidelberg.de\/index.php?rest_route=%2Fwp%2Fv2%2Fcomments&post=2057"}],"version-history":[{"count":5,"href":"https:\/\/www.weltladen-heidelberg.de\/index.php?rest_route=\/wp\/v2\/pages\/2057\/revisions"}],"predecessor-version":[{"id":2369,"href":"https:\/\/www.weltladen-heidelberg.de\/index.php?rest_route=\/wp\/v2\/pages\/2057\/revisions\/2369"}],"up":[{"embeddable":true,"href":"https:\/\/www.weltladen-heidelberg.de\/index.php?rest_route=\/wp\/v2\/pages\/18"}],"wp:attachment":[{"href":"https:\/\/www.weltladen-heidelberg.de\/index.php?rest_route=%2Fwp%2Fv2%2Fmedia&parent=2057"}],"curies":[{"name":"wp","href":"https:\/\/api.w.org\/{rel}","templated":true}]}}