{"id":1963,"date":"2016-10-04T20:41:41","date_gmt":"2016-10-04T20:41:41","guid":{"rendered":"http:\/\/my.weltladen-heidelberg.de\/?page_id=1963"},"modified":"2021-12-02T10:43:30","modified_gmt":"2021-12-02T10:43:30","slug":"beratung-fair-trade-school","status":"publish","type":"page","link":"https:\/\/www.weltladen-heidelberg.de\/?page_id=1963","title":{"rendered":"Beratung: Fair Trade School"},"content":{"rendered":"<p>Im Rahmen der Schulkampagne \u201eFair Trade Schools\u201c zeichnet Transfair Schulen zu \u201eFairtrade-Schools\u201c aus. Mit diesem Titel k\u00f6nnen Schulen ihr Engagement f\u00fcr eine bessere Welt nach au\u00dfen tragen und zeigen, wie kreativ sie sich f\u00fcr den Fairen Handel an der Schule einsetzen.<br \/>\nSchulen, die sich auf den Weg zum Titel \u201eFair Trade School\u201c machen wollen, beraten und unterst\u00fctzen wir dabei sehr gerne!<\/p>\n","protected":false},"excerpt":{"rendered":"<p>Im Rahmen der Schulkampagne \u201eFair Trade Schools\u201c zeichnet Transfair Schulen zu \u201eFairtrade-Schools\u201c aus. Mit diesem Titel k\u00f6nnen Schulen ihr Engagement f\u00fcr eine bessere Welt nach au\u00dfen tragen und zeigen, wie kreativ sie sich f\u00fcr den Fairen Handel an der Schule &hellip;<\/p>\n<p class=\"read-more\"> <a class=\"more-link\" href=\"https:\/\/www.weltladen-heidelberg.de\/?page_id=1963\"> <span class=\"screen-reader-text\">Beratung: Fair Trade School<\/span> Read More &raquo;<\/a><\/p>\n","protected":false},"author":1,"featured_media":0,"parent":18,"menu_order":8,"comment_status":"closed","ping_status":"closed","template":"full-width-page.php","meta":{"footnotes":""},"class_list":["post-1963","page","type-page","status-publish","hentry"],"_links":{"self":[{"href":"https:\/\/www.weltladen-heidelberg.de\/index.php?rest_route=\/wp\/v2\/pages\/1963","targetHints":{"allow":["GET"]}}],"collection":[{"href":"https:\/\/www.weltladen-heidelberg.de\/index.php?rest_route=\/wp\/v2\/pages"}],"about":[{"href":"https:\/\/www.weltladen-heidelberg.de\/index.php?rest_route=\/wp\/v2\/types\/page"}],"author":[{"embeddable":true,"href":"https:\/\/www.weltladen-heidelberg.de\/index.php?rest_route=\/wp\/v2\/users\/1"}],"replies":[{"embeddable":true,"href":"https:\/\/www.weltladen-heidelberg.de\/index.php?rest_route=%2Fwp%2Fv2%2Fcomments&post=1963"}],"version-history":[{"count":2,"href":"https:\/\/www.weltladen-heidelberg.de\/index.php?rest_route=\/wp\/v2\/pages\/1963\/revisions"}],"predecessor-version":[{"id":1965,"href":"https:\/\/www.weltladen-heidelberg.de\/index.php?rest_route=\/wp\/v2\/pages\/1963\/revisions\/1965"}],"up":[{"embeddable":true,"href":"https:\/\/www.weltladen-heidelberg.de\/index.php?rest_route=\/wp\/v2\/pages\/18"}],"wp:attachment":[{"href":"https:\/\/www.weltladen-heidelberg.de\/index.php?rest_route=%2Fwp%2Fv2%2Fmedia&parent=1963"}],"curies":[{"name":"wp","href":"https:\/\/api.w.org\/{rel}","templated":true}]}}