{"id":16,"date":"2010-12-10T21:54:01","date_gmt":"2010-12-10T21:54:01","guid":{"rendered":"http:\/\/my.weltladen-heidelberg.de\/?page_id=16"},"modified":"2016-03-21T21:26:15","modified_gmt":"2016-03-21T21:26:15","slug":"fairer-handel","status":"publish","type":"page","link":"https:\/\/www.weltladen-heidelberg.de\/?page_id=16","title":{"rendered":"Fairer Handel"},"content":{"rendered":"<p><strong>Was bedeutet Fairer Handel? <\/strong><br \/>\nLaut der Definition von FINE, einem Zusammenschlusses der wichtigsten internationalen Fairhandelsorganisationen, ist Fairer Handel<em>\u201eeine Handelspartnerschaft, die auf Dialog, Transparenz und Respekt beruht und nach mehr Gerechtigkeit im internationalen Handel strebt. Durch bessere Handelsbedingungen und die Sicherung sozialer Rechte f\u00fcr benachteiligte ProduzentInnen und ArbeiterInnen \u2013 insbesondere in den L\u00e4ndern des S\u00fcdens \u2013 leistet der Faire Handel einen Beitrag zu nachhaltiger Entwicklung.\u201c<br \/>\n<\/em><br \/>\nDer Faire Handel sieht sich also als Alternativ- und Protestbewegung zu den meist ungerechten Strukturen des Weltwirtschaftssystems, insbesondere der Strukturen des Handels zwischen den so genannten Entwicklungsl\u00e4ndern und den Industrienationen. Der Faire Handel (insbesondere der Faire Handel der Weltl\u00e4den) will \u00fcber diese Zusammenh\u00e4nge informieren und das Bewusstsein der VerbraucherInnen sch\u00e4rfen, gleichzeitig aber auch eine konkrete Handlungsalternative bieten.<\/p>\n<p>Diese Alternative besteht im Verkauf von Waren, die bestimmten festgelegten Kriterien entsprechen. Die Kriterien betreffen die Sozial- und Umweltvertr\u00e4glichkeit des Warenhandels und der Produktion. Am deutlichsten zeigt sich dies wohl darin, dass die ProduzentInnen des Fairen Handels \u2013 meist in Kooperativen organisierte Kleinbauern\/b\u00e4uerinnen \u2013 einen gerechten Preis, feste Liefervertr\u00e4ge und Vorfinanzierungen erhalten. Der Verkauf ihrer Waren soll den ProduzentInnen die Basis f\u00fcr eine menschenw\u00fcrdige Existenz bieten. Eine wichtige Rolle spielt zudem die Wahrung der Umweltvertr\u00e4glichkeit der Produktion.<\/p>\n<p><strong>Der Faire Handel der Weltl\u00e4den<\/strong><\/p>\n<p>In den letzten 20 Jahren hat sich das Konsumverhalten in Deutschland stark ver\u00e4ndert. Die Prinzipien \u201efair\u201c und \u201ebio\u201c sind den meisten Menschen gel\u00e4ufig und immer mehr KonsumentInnen achten bei ihren Eink\u00e4ufen auf diese Prinzipien. Auch gro\u00dfe Firmen und Supermarktketten springen auf den fahrenden Zug auf und nehmen entsprechende Produkte in ihr Sortiment auf. Allerdings ist fair nicht gleich fair, es muss zwischen zwei Auspr\u00e4gungen des Fairen Handels unterschieden werden:<\/p>\n<ol>\n<li>dem Handelskonzept der Weltl\u00e4den<\/li>\n<li>dem <a href=\"http:\/\/www.transfair.org\/\" target=\"_blank\">TRANSFAIR<\/a>-Konzept<\/li>\n<\/ol>\n<p>Das alternative Handelskonzept der Weltl\u00e4den ist das umfassendere. Der Vertrieb und Verkauf der Produkte erfolgt \u00fcber alternative Handelswege, \u00fcber eigene Fairhandelsorganisationen. Die anspruchsvollen Kriterien des Fairen Handels gelten f\u00fcr den gesamten Handelsweg, den ein Produkt zwischen Produzent und Konsument zur\u00fccklegt und nicht nur f\u00fcr den unmittelbaren Produktionsprozess \u2013 Transparenz und angemessene Arbeitsbedingungen m\u00fcssen also auch beim Transport der Ware und an den Verkaufsstellen in Europa gew\u00e4hrleistet sein. \u00dcbersch\u00fcssige Einnahmen werden in den Fairen Handel re-investiert und kommen der Informations- und Bildungsarbeit zu Gute. Gro\u00dfkonzerne und Handelsketten profitieren nicht davon.<\/p>\n<p>Das TRANSFAIR-Konzept legt dagegen ausschlie\u00dflich Kriterien f\u00fcr den Einkauf fest. Der Verein TRANSFAIR Deutschland vergibt ein Siegel auf Produkte, die zu festen (fairen) Bedingungen eingekauft werden. TRANS-FAIR-Produkte werden dann von normalen Unternehmen und Handelsketten vertrieben. Es gibt keine offene Preiskalkulation. Auch sind ihre Bedingungen meist &#8218;laxer&#8216; als im fairen Handelskonzept der Weltl\u00e4den.<\/p>\n<p>Den ca. 800 Weltl\u00e4den in Deutschland stehen ca. 23.000 Einzelhandelsgesch\u00e4fte (Superm\u00e4rkte) gegen\u00fcber. Trotz aller berechtigter Kritik an den Praktiken der gro\u00dfen Konzerne und an einer m\u00f6glichen \u201eVerw\u00e4sserung\u201c der angelegten Kriterien, hat die Nutzung herk\u00f6mmlicher Handelsstrukturen also einen Vorteil: der Faire Handel kann so mehr Menschen erreichen. In diesem Spannungsfeld bewegt sich die Fairhandelsbewegung seit der Einf\u00fchrung des Transfair-Siegels im Jahr 1997.<\/p>\n","protected":false},"excerpt":{"rendered":"<p>Was bedeutet Fairer Handel? Laut der Definition von FINE, einem Zusammenschlusses der wichtigsten internationalen Fairhandelsorganisationen, ist Fairer Handel\u201eeine Handelspartnerschaft, die auf Dialog, Transparenz und Respekt beruht und nach mehr Gerechtigkeit im internationalen Handel strebt. Durch bessere Handelsbedingungen und die Sicherung &hellip;<\/p>\n<p class=\"read-more\"> <a class=\"more-link\" href=\"https:\/\/www.weltladen-heidelberg.de\/?page_id=16\"> <span class=\"screen-reader-text\">Fairer Handel<\/span> Read More &raquo;<\/a><\/p>\n","protected":false},"author":1,"featured_media":0,"parent":0,"menu_order":5,"comment_status":"closed","ping_status":"closed","template":"","meta":{"footnotes":""},"class_list":["post-16","page","type-page","status-publish","hentry"],"_links":{"self":[{"href":"https:\/\/www.weltladen-heidelberg.de\/index.php?rest_route=\/wp\/v2\/pages\/16","targetHints":{"allow":["GET"]}}],"collection":[{"href":"https:\/\/www.weltladen-heidelberg.de\/index.php?rest_route=\/wp\/v2\/pages"}],"about":[{"href":"https:\/\/www.weltladen-heidelberg.de\/index.php?rest_route=\/wp\/v2\/types\/page"}],"author":[{"embeddable":true,"href":"https:\/\/www.weltladen-heidelberg.de\/index.php?rest_route=\/wp\/v2\/users\/1"}],"replies":[{"embeddable":true,"href":"https:\/\/www.weltladen-heidelberg.de\/index.php?rest_route=%2Fwp%2Fv2%2Fcomments&post=16"}],"version-history":[{"count":10,"href":"https:\/\/www.weltladen-heidelberg.de\/index.php?rest_route=\/wp\/v2\/pages\/16\/revisions"}],"predecessor-version":[{"id":1904,"href":"https:\/\/www.weltladen-heidelberg.de\/index.php?rest_route=\/wp\/v2\/pages\/16\/revisions\/1904"}],"wp:attachment":[{"href":"https:\/\/www.weltladen-heidelberg.de\/index.php?rest_route=%2Fwp%2Fv2%2Fmedia&parent=16"}],"curies":[{"name":"wp","href":"https:\/\/api.w.org\/{rel}","templated":true}]}}