{"id":1175,"date":"2012-09-10T18:21:14","date_gmt":"2012-09-10T18:21:14","guid":{"rendered":"http:\/\/my.weltladen-heidelberg.de\/?page_id=1175"},"modified":"2012-09-10T18:21:14","modified_gmt":"2012-09-10T18:21:14","slug":"produktinfo-kokoblock","status":"publish","type":"page","link":"https:\/\/www.weltladen-heidelberg.de\/?page_id=1175","title":{"rendered":"Produktinfo: Kokoblock"},"content":{"rendered":"<h3><a href=\"http:\/\/my.weltladen-heidelberg.de\/wp-content\/uploads\/2012\/03\/kokoblock_gross.jpg\"><img loading=\"lazy\" decoding=\"async\" class=\"alignleft size-medium wp-image-808\" title=\"kokoblock_gross\" src=\"http:\/\/my.weltladen-heidelberg.de\/wp-content\/uploads\/2012\/03\/kokoblock_gross-300x200.jpg\" alt=\"\" width=\"300\" height=\"200\" srcset=\"https:\/\/www.weltladen-heidelberg.de\/wp-content\/uploads\/2012\/03\/kokoblock_gross-300x200.jpg 300w, https:\/\/www.weltladen-heidelberg.de\/wp-content\/uploads\/2012\/03\/kokoblock_gross.jpg 840w\" sizes=\"auto, (max-width: 300px) 100vw, 300px\" \/><\/a><\/h3>\n<h3><\/h3>\n<h3>Klimaschutz und Nachhaltigkeit im Blumentopf: Kokos statt Torf<\/h3>\n<p>Nach Angaben des BUND f\u00fcr Umwelt und Naturschutz aus 2008 werden in Deutschland j\u00e4hrlich rund 10 Millionen Kubikmeter Torf, zwei Millionen davon im Hobbybereich, verbraucht. Ein Gro\u00dfteil des in Deutschland verwendeten Torfs kommt hierbei mittlerweile aus dem Baltikum. Was bei der Verwendung von Torf oft wenig beachtet wird: durch den Abbau wird nicht nur ein einzigartiger, \u00fcber Jahrtausende gewachsener Lebens- und Naturraum zerst\u00f6rt (die Torfschicht w\u00e4chst pro Jahr nur etwa 1 Millimeter) und dabei seltene Tier- und Pflanzenarten vom Aussterben bedroht, sondern auch unser Klima stark belastet.<\/p>\n<p>&nbsp;<\/p>\n<p>Obwohl Moore weltweit nur circa 3 % des Landfl\u00e4chenanteils ausmachen, speichern sie mit etwa 550 Milliarden Tonnen genauso viel CO2 wie die gesamte Vegetation der Erde. Bis zu 50 % des Gewichtes von Torf ist konservierter Kohlenstoff, der beim Torfabbau wieder in die Atmosph\u00e4re freigesetzt wird.<\/p>\n<p>&nbsp;<\/p>\n<p>Aus diesen Gr\u00fcnden sollte nur Erde ohne Torf verwendet werden. Eine Alternative zu Torf ist hierbei Blumenende aus Kokosfasern. Kokosfasern sind ein Abfallprodukt bei der Herstellung von Kokosfasermatten, Seilen und Teppichen. Beim Kauf eines Kokoblock aus Fairem Handel werden nicht nur umweltschonende, sondern auch soziale Aspekte ber\u00fccksichtigt. Die Kokobl\u00f6cke von Gepa werden in Sri Lanka von dem kleinen Betrieb Ceylon Garden Coir hergestellt. Der getrocknete Kokoblock ist klein und handlich und damit leicht zu transportieren. Durch Hinzuf\u00fcgen von Wasser erh\u00e4lt er das sieben- bis achtfache seines Volumens und ergibt ca. 9 Liter gebrauchsfertige Blumenerde.<\/p>\n<p>&nbsp;<\/p>\n<p>Mit Kokobl\u00f6cken von Gepa kann der Fr\u00fchling beginnen!<\/p>\n<p>&nbsp;<\/p>\n<p><em>Quellen: BUND (Stand 2008) \/ Gepa<\/em><\/p>\n","protected":false},"excerpt":{"rendered":"<p>Klimaschutz und Nachhaltigkeit im Blumentopf: Kokos statt Torf Nach Angaben des BUND f\u00fcr Umwelt und Naturschutz aus 2008 werden in Deutschland j\u00e4hrlich rund 10 Millionen Kubikmeter Torf, zwei Millionen davon im Hobbybereich, verbraucht. Ein Gro\u00dfteil des in Deutschland verwendeten Torfs &hellip;<\/p>\n<p class=\"read-more\"> <a class=\"more-link\" href=\"https:\/\/www.weltladen-heidelberg.de\/?page_id=1175\"> <span class=\"screen-reader-text\">Produktinfo: Kokoblock<\/span> Read More &raquo;<\/a><\/p>\n","protected":false},"author":1,"featured_media":0,"parent":9,"menu_order":0,"comment_status":"open","ping_status":"open","template":"","meta":{"footnotes":""},"class_list":["post-1175","page","type-page","status-publish","hentry"],"_links":{"self":[{"href":"https:\/\/www.weltladen-heidelberg.de\/index.php?rest_route=\/wp\/v2\/pages\/1175","targetHints":{"allow":["GET"]}}],"collection":[{"href":"https:\/\/www.weltladen-heidelberg.de\/index.php?rest_route=\/wp\/v2\/pages"}],"about":[{"href":"https:\/\/www.weltladen-heidelberg.de\/index.php?rest_route=\/wp\/v2\/types\/page"}],"author":[{"embeddable":true,"href":"https:\/\/www.weltladen-heidelberg.de\/index.php?rest_route=\/wp\/v2\/users\/1"}],"replies":[{"embeddable":true,"href":"https:\/\/www.weltladen-heidelberg.de\/index.php?rest_route=%2Fwp%2Fv2%2Fcomments&post=1175"}],"version-history":[{"count":5,"href":"https:\/\/www.weltladen-heidelberg.de\/index.php?rest_route=\/wp\/v2\/pages\/1175\/revisions"}],"predecessor-version":[{"id":1180,"href":"https:\/\/www.weltladen-heidelberg.de\/index.php?rest_route=\/wp\/v2\/pages\/1175\/revisions\/1180"}],"up":[{"embeddable":true,"href":"https:\/\/www.weltladen-heidelberg.de\/index.php?rest_route=\/wp\/v2\/pages\/9"}],"wp:attachment":[{"href":"https:\/\/www.weltladen-heidelberg.de\/index.php?rest_route=%2Fwp%2Fv2%2Fmedia&parent=1175"}],"curies":[{"name":"wp","href":"https:\/\/api.w.org\/{rel}","templated":true}]}}