{"id":1163,"date":"2013-12-01T09:37:21","date_gmt":"2013-12-01T09:37:21","guid":{"rendered":"http:\/\/my.weltladen-heidelberg.de\/?page_id=1163"},"modified":"2013-12-01T09:37:21","modified_gmt":"2013-12-01T09:37:21","slug":"produktinfo-horbucher","status":"publish","type":"page","link":"https:\/\/www.weltladen-heidelberg.de\/?page_id=1163","title":{"rendered":"Produktinfo: H\u00f6rb\u00fccher"},"content":{"rendered":"<p>Warum selber lesen, wenn man vorgelesen bekommt? H\u00f6rb\u00fccher erfreuen sich immer gr\u00f6\u00dferer Beliebtheit. F\u00fcr viele ist es eine ideale Erg\u00e4nzung zum gedruckten Buch. Und man kann nebenbei noch die Hausarbeit etc. erledigen. Der Weltladen Heidelberg bietet ein kleines Sortiment ausgew\u00e4hlter H\u00f6rb\u00fccher mit Literatur afrikanischer Autoren sowie den Erz\u00e4hlungen von Rafik Schami.<\/p>\n<p><strong>Zwei Beispiele aus unserem Sortiment:<\/strong><\/p>\n<p><strong><a href=\"http:\/\/my.weltladen-heidelberg.de\/wp-content\/uploads\/2013\/04\/Hoerbuch-Ba.jpg\"><img loading=\"lazy\" decoding=\"async\" class=\"alignleft\" title=\"Hoerbuch Ba\" src=\"http:\/\/my.weltladen-heidelberg.de\/wp-content\/uploads\/2013\/04\/Hoerbuch-Ba.jpg\" alt=\"\" width=\"104\" height=\"93\" \/><\/a>\u201eAfrika erz\u00e4hlt\u201c<\/strong><br \/>\nDiese au\u00dfergew\u00f6hnliche Edition mit den wichtigsten afrikanischen Autoren, gelesen von ausgesuchten und prominenten Sprechern, m\u00f6chte Sie auf eine literarische \u201eH\u00f6rreise\u201c der besonderen Art mitnehmen \u2013 quer durch Afrika. Schauspieler wie Nina Petri, Eva Mattes oder Manfred Zapatka garantieren f\u00fcr ausgezeichnete Interpretationen, sie bringen uns die Farben, T\u00f6ne und Rhythmen afrikanischen Erz\u00e4hlens n\u00e4her. Die vielfach ausgezeichneten Autoren wie Chinua Achebe, Nuruddin Farah oder der Nobelpreistr\u00e4ger Wole Soyinka greifen auf die orale Erz\u00e4hltradition Afrikas zur\u00fcck. Entsprechend lebendig und energiegeladen sind ihre Romane \u2013 und machen sie gerade f\u00fcr das Medium H\u00f6rbuch in besonderem Ma\u00dfe attraktiv. Von jedem H\u00f6rbuch geht ein Teil des Verkaufserl\u00f6ses an UNICEF. Damit werden Bildungsprojekte in Afrika gef\u00f6rdert.<br \/>\n(Quelle: www.sprechendebuecher.de)<\/p>\n<p>&nbsp;<\/p>\n<p><strong><a href=\"http:\/\/my.weltladen-heidelberg.de\/wp-content\/uploads\/2013\/04\/Hoerbuch-Farbe-der-Worte.jpg\"><img loading=\"lazy\" decoding=\"async\" class=\"alignleft\" title=\"Hoerbuch Farbe der Worte\" src=\"http:\/\/my.weltladen-heidelberg.de\/wp-content\/uploads\/2013\/04\/Hoerbuch-Farbe-der-Worte.jpg\" alt=\"\" width=\"104\" height=\"103\" \/><\/a>H\u00f6rb\u00fccher von Rafik Schami<\/strong><br \/>\nEine Auswahl der bekannten Erz\u00e4hlungen von Rafik Schami, u.a. \u201eEine deutsche Leidenschaft namens Nudelsalat\u201c, \u201eDie dunkle Seite der Liebe\u201c, \u201eDie Frau, die ihren Mann auf dem Flohmarkt verkaufte\u201c, \u201eDie Farbe der Worte\u201c, \u201eDas Geheimnis des Kalligraphen\u201c, \u201eDamaskus \u2013 Der Geschmack einer Stadt\u201c, \u201eReise zwischen Nacht und Morgen\u201c, \u201eM\u00e4rchen aus Malula\u201c<\/p>\n<p>&nbsp;<\/p>\n","protected":false},"excerpt":{"rendered":"<p>Warum selber lesen, wenn man vorgelesen bekommt? H\u00f6rb\u00fccher erfreuen sich immer gr\u00f6\u00dferer Beliebtheit. F\u00fcr viele ist es eine ideale Erg\u00e4nzung zum gedruckten Buch. Und man kann nebenbei noch die Hausarbeit etc. erledigen. Der Weltladen Heidelberg bietet ein kleines Sortiment ausgew\u00e4hlter &hellip;<\/p>\n<p class=\"read-more\"> <a class=\"more-link\" href=\"https:\/\/www.weltladen-heidelberg.de\/?page_id=1163\"> <span class=\"screen-reader-text\">Produktinfo: H\u00f6rb\u00fccher<\/span> Read More &raquo;<\/a><\/p>\n","protected":false},"author":1,"featured_media":0,"parent":9,"menu_order":0,"comment_status":"open","ping_status":"open","template":"","meta":{"footnotes":""},"class_list":["post-1163","page","type-page","status-publish","hentry"],"_links":{"self":[{"href":"https:\/\/www.weltladen-heidelberg.de\/index.php?rest_route=\/wp\/v2\/pages\/1163","targetHints":{"allow":["GET"]}}],"collection":[{"href":"https:\/\/www.weltladen-heidelberg.de\/index.php?rest_route=\/wp\/v2\/pages"}],"about":[{"href":"https:\/\/www.weltladen-heidelberg.de\/index.php?rest_route=\/wp\/v2\/types\/page"}],"author":[{"embeddable":true,"href":"https:\/\/www.weltladen-heidelberg.de\/index.php?rest_route=\/wp\/v2\/users\/1"}],"replies":[{"embeddable":true,"href":"https:\/\/www.weltladen-heidelberg.de\/index.php?rest_route=%2Fwp%2Fv2%2Fcomments&post=1163"}],"version-history":[{"count":9,"href":"https:\/\/www.weltladen-heidelberg.de\/index.php?rest_route=\/wp\/v2\/pages\/1163\/revisions"}],"predecessor-version":[{"id":1579,"href":"https:\/\/www.weltladen-heidelberg.de\/index.php?rest_route=\/wp\/v2\/pages\/1163\/revisions\/1579"}],"up":[{"embeddable":true,"href":"https:\/\/www.weltladen-heidelberg.de\/index.php?rest_route=\/wp\/v2\/pages\/9"}],"wp:attachment":[{"href":"https:\/\/www.weltladen-heidelberg.de\/index.php?rest_route=%2Fwp%2Fv2%2Fmedia&parent=1163"}],"curies":[{"name":"wp","href":"https:\/\/api.w.org\/{rel}","templated":true}]}}